{"id":4339,"date":"2020-12-22T23:37:57","date_gmt":"2020-12-22T23:37:57","guid":{"rendered":"http:\/\/coppercrafts.eu\/product\/produto-246\/"},"modified":"2023-11-06T11:58:59","modified_gmt":"2023-11-06T11:58:59","slug":"produto-246","status":"publish","type":"product","link":"https:\/\/coppercrafts.eu\/fr\/product\/produto-246\/","title":{"rendered":"Bec de perroquet entonnoir"},"content":{"rendered":"<p>Bec de perroquet entonnoir<\/p>","protected":false},"excerpt":{"rendered":"<p>Cet accessoire permet \u00e0 la cornue d'obtenir la lecture exacte et constante du distillat \u00e0 la sortie du condenseur, car il permet le placement d'un alcoom\u00e8tre.<\/p>\n<p><b>&#8230;<\/p>","protected":false},"featured_media":5069,"comment_status":"open","ping_status":"closed","template":"","meta":{"_themeisle_gutenberg_block_has_review":false},"product_cat":[247],"product_tag":[],"_links":{"self":[{"href":"https:\/\/coppercrafts.eu\/fr\/wp-json\/wp\/v2\/product\/4339"}],"collection":[{"href":"https:\/\/coppercrafts.eu\/fr\/wp-json\/wp\/v2\/product"}],"about":[{"href":"https:\/\/coppercrafts.eu\/fr\/wp-json\/wp\/v2\/types\/product"}],"replies":[{"embeddable":true,"href":"https:\/\/coppercrafts.eu\/fr\/wp-json\/wp\/v2\/comments?post=4339"}],"wp:featuredmedia":[{"embeddable":true,"href":"https:\/\/coppercrafts.eu\/fr\/wp-json\/wp\/v2\/media\/5069"}],"wp:attachment":[{"href":"https:\/\/coppercrafts.eu\/fr\/wp-json\/wp\/v2\/media?parent=4339"}],"wp:term":[{"taxonomy":"product_cat","embeddable":true,"href":"https:\/\/coppercrafts.eu\/fr\/wp-json\/wp\/v2\/product_cat?post=4339"},{"taxonomy":"product_tag","embeddable":true,"href":"https:\/\/coppercrafts.eu\/fr\/wp-json\/wp\/v2\/product_tag?post=4339"}],"curies":[{"name":"wp","href":"https:\/\/api.w.org\/{rel}","templated":true}]}}