{"id":4338,"date":"2020-12-22T23:37:57","date_gmt":"2020-12-22T23:37:57","guid":{"rendered":"http:\/\/coppercrafts.eu\/product\/produto-245\/"},"modified":"2023-11-06T11:58:59","modified_gmt":"2023-11-06T11:58:59","slug":"produto-245","status":"publish","type":"product","link":"https:\/\/coppercrafts.eu\/fr\/product\/produto-245\/","title":{"rendered":"Becs de perroquet"},"content":{"rendered":"<p>Becs de perroquet<\/p>","protected":false},"excerpt":{"rendered":"<p>Cet accessoire permet \u00e0 la cornue d'obtenir la lecture exacte et constante du distillat \u00e0 la sortie du condenseur, car il permet le placement d'un alcoom\u00e8tre.<\/p>\n<p><b>&#8230;<\/p>","protected":false},"featured_media":6250,"comment_status":"open","ping_status":"closed","template":"","meta":{"_themeisle_gutenberg_block_has_review":false},"product_cat":[247],"product_tag":[],"_links":{"self":[{"href":"https:\/\/coppercrafts.eu\/fr\/wp-json\/wp\/v2\/product\/4338"}],"collection":[{"href":"https:\/\/coppercrafts.eu\/fr\/wp-json\/wp\/v2\/product"}],"about":[{"href":"https:\/\/coppercrafts.eu\/fr\/wp-json\/wp\/v2\/types\/product"}],"replies":[{"embeddable":true,"href":"https:\/\/coppercrafts.eu\/fr\/wp-json\/wp\/v2\/comments?post=4338"}],"wp:featuredmedia":[{"embeddable":true,"href":"https:\/\/coppercrafts.eu\/fr\/wp-json\/wp\/v2\/media\/6250"}],"wp:attachment":[{"href":"https:\/\/coppercrafts.eu\/fr\/wp-json\/wp\/v2\/media?parent=4338"}],"wp:term":[{"taxonomy":"product_cat","embeddable":true,"href":"https:\/\/coppercrafts.eu\/fr\/wp-json\/wp\/v2\/product_cat?post=4338"},{"taxonomy":"product_tag","embeddable":true,"href":"https:\/\/coppercrafts.eu\/fr\/wp-json\/wp\/v2\/product_tag?post=4338"}],"curies":[{"name":"wp","href":"https:\/\/api.w.org\/{rel}","templated":true}]}}