{"id":4332,"date":"2020-12-22T23:37:55","date_gmt":"2020-12-22T23:37:55","guid":{"rendered":"http:\/\/coppercrafts.eu\/product\/produto-239\/"},"modified":"2023-11-06T11:59:49","modified_gmt":"2023-11-06T11:59:49","slug":"produto-239","status":"publish","type":"product","link":"https:\/\/coppercrafts.eu\/fr\/product\/produto-239\/","title":{"rendered":"Alquitar Cuivre - Trois Corps 200L"},"content":{"rendered":"<p>Alquitar Cuivre - Trois Corps 200 litres<\/p>","protected":false},"excerpt":{"rendered":"<ul>\n<li><strong>Plaque avec une composition en cuivre \u00e0 99,96 % ;<\/strong><\/li>\n<li><strong>Soudures au phosphore et aux m\u00e9taux ;<\/strong><\/li>\n<li><strong>100 % sans plomb ;<\/strong><\/li>\n<li><strong>\u00c9paisseur de plaque de cuivre plus \u00e9paisse;<\/strong><\/li>\n<li><strong>Fabriqu\u00e9 \u00e0 la main ;<\/strong><\/li>\n<li><strong>Martel\u00e9 \u00e0 la main, ce qui favorise la puret\u00e9 et la qualit\u00e9 du distillat.<\/strong><\/li>\n<\/ul>\n<p>Alquitar classique fait \u00e0 la main.<\/p>\n<p>L'alquitar diff\u00e8re de l'alambic traditionnel en termes de conception, occupant moins d'espace, ce mod\u00e8le est une \u00e9volution par rapport au mod\u00e8le classique, car il permet une augmentation de la capacit\u00e9 de distillation \u00e0 la vapeur car une augmentation entre la chaudi\u00e8re et la t\u00eate a \u00e9t\u00e9 incorpor\u00e9e . .<\/p>\n<p><b>&#8230;<\/p>","protected":false},"featured_media":6212,"comment_status":"open","ping_status":"closed","template":"","meta":{"_themeisle_gutenberg_block_has_review":false},"product_cat":[206],"product_tag":[],"_links":{"self":[{"href":"https:\/\/coppercrafts.eu\/fr\/wp-json\/wp\/v2\/product\/4332"}],"collection":[{"href":"https:\/\/coppercrafts.eu\/fr\/wp-json\/wp\/v2\/product"}],"about":[{"href":"https:\/\/coppercrafts.eu\/fr\/wp-json\/wp\/v2\/types\/product"}],"replies":[{"embeddable":true,"href":"https:\/\/coppercrafts.eu\/fr\/wp-json\/wp\/v2\/comments?post=4332"}],"wp:featuredmedia":[{"embeddable":true,"href":"https:\/\/coppercrafts.eu\/fr\/wp-json\/wp\/v2\/media\/6212"}],"wp:attachment":[{"href":"https:\/\/coppercrafts.eu\/fr\/wp-json\/wp\/v2\/media?parent=4332"}],"wp:term":[{"taxonomy":"product_cat","embeddable":true,"href":"https:\/\/coppercrafts.eu\/fr\/wp-json\/wp\/v2\/product_cat?post=4332"},{"taxonomy":"product_tag","embeddable":true,"href":"https:\/\/coppercrafts.eu\/fr\/wp-json\/wp\/v2\/product_tag?post=4332"}],"curies":[{"name":"wp","href":"https:\/\/api.w.org\/{rel}","templated":true}]}}