{"id":4303,"date":"2020-12-22T23:37:51","date_gmt":"2020-12-22T23:37:51","guid":{"rendered":"http:\/\/coppercrafts.eu\/product\/produto-210\/"},"modified":"2023-11-06T13:52:12","modified_gmt":"2023-11-06T13:52:12","slug":"produto-210","status":"publish","type":"product","link":"https:\/\/coppercrafts.eu\/fr\/product\/produto-210\/","title":{"rendered":"Alquitar rond en cuivre 30L"},"content":{"rendered":"<p>Alquitar de Cuivre - Rond 30 litres<\/p>","protected":false},"excerpt":{"rendered":"<ul>\n<li><strong>Plaque avec une composition en cuivre \u00e0 99,96 % ;<\/strong><\/li>\n<li><strong>Soudures au phosphore et aux m\u00e9taux ;<\/strong><\/li>\n<li><strong>100 % sans plomb ;<\/strong><\/li>\n<li><strong>\u00c9paisseur de plaque de cuivre plus \u00e9paisse;<\/strong><\/li>\n<li><strong>Fabriqu\u00e9 \u00e0 la main ;<\/strong><\/li>\n<li><strong>Martel\u00e9 \u00e0 la main, ce qui favorise la puret\u00e9 et la qualit\u00e9 du distillat.<\/strong><\/li>\n<\/ul>\n<p>Alquitar classique fait \u00e0 la main.<\/p>\n<p>L'alquitar diff\u00e8re de l'alquitar traditionnel en termes de conception, en prenant moins de place, car alors que l'alquitar a trois \u00e9l\u00e9ments (pot, casque et bac \u00e0 condensation), l'alquitar n'a que deux de ces m\u00eames \u00e9l\u00e9ments en une seule pi\u00e8ce - le casque n'a pas son int\u00e9rieur la chambre \u00e0 vapeur et \u00e0 son sommet la zone de condensation.<\/p>\n<p><b>&#8230;<\/p>","protected":false},"featured_media":6181,"comment_status":"open","ping_status":"closed","template":"","meta":{"_themeisle_gutenberg_block_has_review":false},"product_cat":[203],"product_tag":[],"_links":{"self":[{"href":"https:\/\/coppercrafts.eu\/fr\/wp-json\/wp\/v2\/product\/4303"}],"collection":[{"href":"https:\/\/coppercrafts.eu\/fr\/wp-json\/wp\/v2\/product"}],"about":[{"href":"https:\/\/coppercrafts.eu\/fr\/wp-json\/wp\/v2\/types\/product"}],"replies":[{"embeddable":true,"href":"https:\/\/coppercrafts.eu\/fr\/wp-json\/wp\/v2\/comments?post=4303"}],"wp:featuredmedia":[{"embeddable":true,"href":"https:\/\/coppercrafts.eu\/fr\/wp-json\/wp\/v2\/media\/6181"}],"wp:attachment":[{"href":"https:\/\/coppercrafts.eu\/fr\/wp-json\/wp\/v2\/media?parent=4303"}],"wp:term":[{"taxonomy":"product_cat","embeddable":true,"href":"https:\/\/coppercrafts.eu\/fr\/wp-json\/wp\/v2\/product_cat?post=4303"},{"taxonomy":"product_tag","embeddable":true,"href":"https:\/\/coppercrafts.eu\/fr\/wp-json\/wp\/v2\/product_tag?post=4303"}],"curies":[{"name":"wp","href":"https:\/\/api.w.org\/{rel}","templated":true}]}}