{"id":4264,"date":"2020-12-22T23:37:46","date_gmt":"2020-12-22T23:37:46","guid":{"rendered":"http:\/\/coppercrafts.eu\/product\/produto-171\/"},"modified":"2023-11-06T13:01:09","modified_gmt":"2023-11-06T13:01:09","slug":"produto-171","status":"publish","type":"product","link":"https:\/\/coppercrafts.eu\/fr\/product\/produto-171\/","title":{"rendered":"Alambics Cuivre - Mod\u00e8le Charental 100L"},"content":{"rendered":"<p>Alambics Cuivre - Mod\u00e8le Charental 100 litres<\/p>","protected":false},"excerpt":{"rendered":"<ul>\n<li><strong>Plaque avec une composition en cuivre \u00e0 99,96 % ;<\/strong><\/li>\n<li><strong>Soudures au phosphore et aux m\u00e9taux ;<\/strong><\/li>\n<li><strong>100 % sans plomb ;<\/strong><\/li>\n<li><strong>\u00c9paisseur de plaque de cuivre plus \u00e9paisse;<\/strong><\/li>\n<li><strong>Fabriqu\u00e9 \u00e0 la main ;<\/strong><\/li>\n<li><strong>Martel\u00e9 \u00e0 la main, ce qui favorise la puret\u00e9 et la qualit\u00e9 du distillat ;<\/strong><\/li>\n<li><strong>Pipe faite \u00e0 la main, avec diff\u00e9rents diam\u00e8tres aux extr\u00e9mit\u00e9s.<\/strong><\/li>\n<\/ul>\n<p>Alambic gracieux fait \u00e0 la main de qualit\u00e9 sup\u00e9rieure.<\/p>\n<p>La grande diff\u00e9rence avec ce type d'alambic r\u00e9side dans le fait qu'il dispose d'une chaudi\u00e8re avec un serpentin interne qui fonctionne comme un pr\u00e9chauffeur.<\/p>\n<p><b>&#8230;<\/p>","protected":false},"featured_media":6136,"comment_status":"open","ping_status":"closed","template":"","meta":{"_themeisle_gutenberg_block_has_review":false},"product_cat":[109],"product_tag":[],"_links":{"self":[{"href":"https:\/\/coppercrafts.eu\/fr\/wp-json\/wp\/v2\/product\/4264"}],"collection":[{"href":"https:\/\/coppercrafts.eu\/fr\/wp-json\/wp\/v2\/product"}],"about":[{"href":"https:\/\/coppercrafts.eu\/fr\/wp-json\/wp\/v2\/types\/product"}],"replies":[{"embeddable":true,"href":"https:\/\/coppercrafts.eu\/fr\/wp-json\/wp\/v2\/comments?post=4264"}],"wp:featuredmedia":[{"embeddable":true,"href":"https:\/\/coppercrafts.eu\/fr\/wp-json\/wp\/v2\/media\/6136"}],"wp:attachment":[{"href":"https:\/\/coppercrafts.eu\/fr\/wp-json\/wp\/v2\/media?parent=4264"}],"wp:term":[{"taxonomy":"product_cat","embeddable":true,"href":"https:\/\/coppercrafts.eu\/fr\/wp-json\/wp\/v2\/product_cat?post=4264"},{"taxonomy":"product_tag","embeddable":true,"href":"https:\/\/coppercrafts.eu\/fr\/wp-json\/wp\/v2\/product_tag?post=4264"}],"curies":[{"name":"wp","href":"https:\/\/api.w.org\/{rel}","templated":true}]}}