{"id":4252,"date":"2020-12-22T23:37:45","date_gmt":"2020-12-22T23:37:45","guid":{"rendered":"http:\/\/coppercrafts.eu\/product\/produto-159\/"},"modified":"2023-11-06T13:01:09","modified_gmt":"2023-11-06T13:01:09","slug":"produto-159","status":"publish","type":"product","link":"https:\/\/coppercrafts.eu\/fr\/product\/produto-159\/","title":{"rendered":"Alambics Cuivre - Mod\u00e8le Arabe 350L"},"content":{"rendered":"<p>Alambics Cuivre - Mod\u00e8le Arabe 350 litres<\/p>","protected":false},"excerpt":{"rendered":"<ul>\n<li><strong>Plaque avec une composition en cuivre \u00e0 99,96 % ;<\/strong><\/li>\n<li><strong>Soudures au phosphore et aux m\u00e9taux ;<\/strong><\/li>\n<li><strong>100 % sans plomb ;<\/strong><\/li>\n<li><strong>\u00c9paisseur de plaque de cuivre plus \u00e9paisse;<\/strong><\/li>\n<li><strong>Fabriqu\u00e9 \u00e0 la main ;<\/strong><\/li>\n<li><strong>Martel\u00e9 \u00e0 la main, ce qui favorise la puret\u00e9 et la qualit\u00e9 du distillat ;<\/strong><\/li>\n<li><strong>Pipe faite \u00e0 la main, avec diff\u00e9rents diam\u00e8tres aux extr\u00e9mit\u00e9s.<\/strong><\/li>\n<\/ul>\n<p>La forme de ces alambics permet le d\u00e9but de la condensation du distillat encore dans le casque, la facilit\u00e9 du distillat \u00e0 atteindre le condenseur permet l'obtention d'alcools fortement aromatis\u00e9s, car plus il est facile pour la vapeur d'atteindre le condenseur, plus l'ar\u00f4me sera transport\u00e9.<\/p>\n<p>Cet alambic est \u00e9quip\u00e9 d'une chaudi\u00e8re, d'un casque et d'un condenseur \u00e0 serpentin.<\/p>\n<p><b>&#8230;<\/p>","protected":false},"featured_media":6120,"comment_status":"open","ping_status":"closed","template":"","meta":{"_themeisle_gutenberg_block_has_review":false},"product_cat":[107],"product_tag":[],"_links":{"self":[{"href":"https:\/\/coppercrafts.eu\/fr\/wp-json\/wp\/v2\/product\/4252"}],"collection":[{"href":"https:\/\/coppercrafts.eu\/fr\/wp-json\/wp\/v2\/product"}],"about":[{"href":"https:\/\/coppercrafts.eu\/fr\/wp-json\/wp\/v2\/types\/product"}],"replies":[{"embeddable":true,"href":"https:\/\/coppercrafts.eu\/fr\/wp-json\/wp\/v2\/comments?post=4252"}],"wp:featuredmedia":[{"embeddable":true,"href":"https:\/\/coppercrafts.eu\/fr\/wp-json\/wp\/v2\/media\/6120"}],"wp:attachment":[{"href":"https:\/\/coppercrafts.eu\/fr\/wp-json\/wp\/v2\/media?parent=4252"}],"wp:term":[{"taxonomy":"product_cat","embeddable":true,"href":"https:\/\/coppercrafts.eu\/fr\/wp-json\/wp\/v2\/product_cat?post=4252"},{"taxonomy":"product_tag","embeddable":true,"href":"https:\/\/coppercrafts.eu\/fr\/wp-json\/wp\/v2\/product_tag?post=4252"}],"curies":[{"name":"wp","href":"https:\/\/api.w.org\/{rel}","templated":true}]}}