{"id":4235,"date":"2020-12-22T23:37:42","date_gmt":"2020-12-22T23:37:42","guid":{"rendered":"http:\/\/coppercrafts.eu\/product\/produto-142\/"},"modified":"2023-11-06T13:01:57","modified_gmt":"2023-11-06T13:01:57","slug":"produto-142","status":"publish","type":"product","link":"https:\/\/coppercrafts.eu\/fr\/product\/produto-142\/","title":{"rendered":"Alambics Cuivre - Mod\u00e8le Arabe et Plaque Chauffante Electrique 3L"},"content":{"rendered":"<p>Alambics Cuivre - Mod\u00e8le Arabe 3 litres et Plaque Chauffante Electrique<\/p>","protected":false},"excerpt":{"rendered":"<ul>\n<li><strong>Plaque avec une composition en cuivre \u00e0 99,96 % ;<\/strong><\/li>\n<li><strong>Soudures au phosphore et aux m\u00e9taux ;<\/strong><\/li>\n<li><strong>100 % sans plomb ;<\/strong><\/li>\n<li><strong>\u00c9paisseur de plaque de cuivre plus \u00e9paisse;<\/strong><\/li>\n<li><strong>Fabriqu\u00e9 \u00e0 la main ;<\/strong><\/li>\n<li><strong>Martel\u00e9 \u00e0 la main, ce qui favorise la puret\u00e9 et la qualit\u00e9 du distillat ;<\/strong><\/li>\n<li><strong>Pipe faite \u00e0 la main, avec diff\u00e9rents diam\u00e8tres aux extr\u00e9mit\u00e9s.<\/strong><\/li>\n<\/ul>\n<p>Cet \u00e9l\u00e9gant alambic fait main est un classique!<\/p>\n<p>Construit en trois parties, la chaudi\u00e8re soud\u00e9e (peut aussi \u00eatre rivet\u00e9e) le grand casque arabe avec le canon l\u00e9g\u00e8rement descendant et le condenseur avec son serpentin respectif.<\/p>\n<p>La forme de ces alambics permet le d\u00e9but de la condensation du distillat encore dans le casque, la facilit\u00e9 du distillat \u00e0 atteindre le condenseur permet l'obtention d'alcools fortement aromatis\u00e9s, car plus il est facile pour la vapeur d'atteindre le condenseur, plus l'ar\u00f4me sera transport\u00e9.<\/p>\n<p><b>&#8230;<\/p>","protected":false},"featured_media":6114,"comment_status":"open","ping_status":"closed","template":"","meta":{"_themeisle_gutenberg_block_has_review":false},"product_cat":[240],"product_tag":[],"_links":{"self":[{"href":"https:\/\/coppercrafts.eu\/fr\/wp-json\/wp\/v2\/product\/4235"}],"collection":[{"href":"https:\/\/coppercrafts.eu\/fr\/wp-json\/wp\/v2\/product"}],"about":[{"href":"https:\/\/coppercrafts.eu\/fr\/wp-json\/wp\/v2\/types\/product"}],"replies":[{"embeddable":true,"href":"https:\/\/coppercrafts.eu\/fr\/wp-json\/wp\/v2\/comments?post=4235"}],"wp:featuredmedia":[{"embeddable":true,"href":"https:\/\/coppercrafts.eu\/fr\/wp-json\/wp\/v2\/media\/6114"}],"wp:attachment":[{"href":"https:\/\/coppercrafts.eu\/fr\/wp-json\/wp\/v2\/media?parent=4235"}],"wp:term":[{"taxonomy":"product_cat","embeddable":true,"href":"https:\/\/coppercrafts.eu\/fr\/wp-json\/wp\/v2\/product_cat?post=4235"},{"taxonomy":"product_tag","embeddable":true,"href":"https:\/\/coppercrafts.eu\/fr\/wp-json\/wp\/v2\/product_tag?post=4235"}],"curies":[{"name":"wp","href":"https:\/\/api.w.org\/{rel}","templated":true}]}}