{"id":4221,"date":"2020-12-22T23:37:41","date_gmt":"2020-12-22T23:37:41","guid":{"rendered":"http:\/\/coppercrafts.eu\/product\/produto-128\/"},"modified":"2021-06-19T15:30:54","modified_gmt":"2021-06-19T15:30:54","slug":"produto-128","status":"publish","type":"product","link":"https:\/\/coppercrafts.eu\/fr\/product\/produto-128\/","title":{"rendered":"Alambiques c\/ Sistema de Veda\u00e7\u00e3o a \u00c1gua 500L"},"content":{"rendered":"<p>Alambique 500 litros com Sistema de Veda\u00e7\u00e3o a \u00c1gua.<\/p>","protected":false},"excerpt":{"rendered":"<div id=\"product-description-short-301\" class=\"product-description-short mb-3\">\n<ul>\n<li><strong>Plaque avec une composition en cuivre \u00e0 99,96 % ;<\/strong><\/li>\n<li><strong>Soudures au phosphore et aux m\u00e9taux ;<\/strong><\/li>\n<li><strong>100 % sans plomb ;<\/strong><\/li>\n<li><strong>\u00c9paisseur de plaque de cuivre plus \u00e9paisse;<\/strong><\/li>\n<li><strong>Fabriqu\u00e9 \u00e0 la main ;<\/strong><\/li>\n<li><strong>Martel\u00e9 \u00e0 la main, ce qui favorise la puret\u00e9 et la qualit\u00e9 du distillat ;<\/strong><\/li>\n<li><strong>Cachimbo feito \u00e0 m\u00e3o, com di\u00e2metros diferentes nas extremidades;<\/strong><\/li>\n<\/ul>\n<p>Cet alambic moderne, conserve les lignes gracieuses des alambics traditionnels, ce qui le rend diff\u00e9rent est la technique d'\u00e9tanch\u00e9it\u00e9, il a le long du haut de la chaudi\u00e8re, un canal dans lequel l'eau est plac\u00e9e, ce qui fait l'\u00e9tanch\u00e9it\u00e9 parfaite entre la chaudi\u00e8re et le casque, aucun autre processus ne sera n\u00e9cessaire pour sceller les vapeurs.<\/p>\n<p>Avec l'utilisation d'un tamis et d'une lentille d'affinage, avec une seule distillation vous obtiendrez un distillat de tr\u00e8s haute qualit\u00e9.<\/p>\n<p><b>&#8230;<\/p>","protected":false},"featured_media":5562,"comment_status":"open","ping_status":"closed","template":"","meta":{"_themeisle_gutenberg_block_has_review":false},"product_cat":[238],"product_tag":[],"_links":{"self":[{"href":"https:\/\/coppercrafts.eu\/fr\/wp-json\/wp\/v2\/product\/4221"}],"collection":[{"href":"https:\/\/coppercrafts.eu\/fr\/wp-json\/wp\/v2\/product"}],"about":[{"href":"https:\/\/coppercrafts.eu\/fr\/wp-json\/wp\/v2\/types\/product"}],"replies":[{"embeddable":true,"href":"https:\/\/coppercrafts.eu\/fr\/wp-json\/wp\/v2\/comments?post=4221"}],"wp:featuredmedia":[{"embeddable":true,"href":"https:\/\/coppercrafts.eu\/fr\/wp-json\/wp\/v2\/media\/5562"}],"wp:attachment":[{"href":"https:\/\/coppercrafts.eu\/fr\/wp-json\/wp\/v2\/media?parent=4221"}],"wp:term":[{"taxonomy":"product_cat","embeddable":true,"href":"https:\/\/coppercrafts.eu\/fr\/wp-json\/wp\/v2\/product_cat?post=4221"},{"taxonomy":"product_tag","embeddable":true,"href":"https:\/\/coppercrafts.eu\/fr\/wp-json\/wp\/v2\/product_tag?post=4221"}],"curies":[{"name":"wp","href":"https:\/\/api.w.org\/{rel}","templated":true}]}}