{"id":4201,"date":"2020-12-22T23:37:37","date_gmt":"2020-12-22T23:37:37","guid":{"rendered":"http:\/\/coppercrafts.eu\/product\/produto-108\/"},"modified":"2023-11-06T13:02:53","modified_gmt":"2023-11-06T13:02:53","slug":"produto-108","status":"publish","type":"product","link":"https:\/\/coppercrafts.eu\/fr\/product\/produto-108\/","title":{"rendered":"Alambics en cuivre avec \u00e9chelle de protection en fer 150L"},"content":{"rendered":"<p>Alambics en cuivre - Droit avec \u00e9chelle de protection en fer 150 litres<\/p>","protected":false},"excerpt":{"rendered":"<ul>\n<li><strong>Plaque avec une composition en cuivre \u00e0 99,96 % ;<\/strong><\/li>\n<li><strong>Soudures au phosphore et aux m\u00e9taux ;<\/strong><\/li>\n<li><strong>100 % sans plomb ;<\/strong><\/li>\n<li><strong>\u00c9paisseur de plaque de cuivre plus \u00e9paisse;<\/strong><\/li>\n<li><strong>Fabriqu\u00e9 \u00e0 la main ;<\/strong><\/li>\n<li><strong>Martel\u00e9 \u00e0 la main, ce qui favorise la puret\u00e9 et la qualit\u00e9 du distillat ;<\/strong><\/li>\n<li><strong>Pipe faite \u00e0 la main, avec diff\u00e9rents diam\u00e8tres aux extr\u00e9mit\u00e9s.<\/strong><\/li>\n<\/ul>\n<p>La construction de cet alambic est r\u00e9alis\u00e9e gr\u00e2ce \u00e0 des raccords soud\u00e9s qui garantissent une parfaite \u00e9tanch\u00e9it\u00e9 des vapeurs et des liquides \u00e0 distiller.<br \/>\nLa cuve de condensation est \u00e9quip\u00e9e d'un tuyau d'arriv\u00e9e d'eau situ\u00e9 \u00e0 sa base et d'un tuyau de sortie au sommet afin que l'eau circule dans le sens inverse des vapeurs descendantes.<br \/>\nCes mod\u00e8les peuvent \u00eatre utilis\u00e9s pour distiller des boissons alcoolis\u00e9es, des huiles essentielles et autres.<br \/>\nLa chaudi\u00e8re a une \u00e9chelle en fer, dont le but est de la prot\u00e9ger pendant le processus de d\u00e9charge.<\/p>\n<p>Ce type d'alambic se distingue de l'alambic traditionnel par l'\u00e9paisseur de la plaque utilis\u00e9e en fabrication, ce qui en fait un alambic tr\u00e8s r\u00e9sistant.<\/p>\n<p><b>&#8230;<\/p>","protected":false},"featured_media":6088,"comment_status":"open","ping_status":"closed","template":"","meta":{"_themeisle_gutenberg_block_has_review":false},"product_cat":[99],"product_tag":[],"_links":{"self":[{"href":"https:\/\/coppercrafts.eu\/fr\/wp-json\/wp\/v2\/product\/4201"}],"collection":[{"href":"https:\/\/coppercrafts.eu\/fr\/wp-json\/wp\/v2\/product"}],"about":[{"href":"https:\/\/coppercrafts.eu\/fr\/wp-json\/wp\/v2\/types\/product"}],"replies":[{"embeddable":true,"href":"https:\/\/coppercrafts.eu\/fr\/wp-json\/wp\/v2\/comments?post=4201"}],"wp:featuredmedia":[{"embeddable":true,"href":"https:\/\/coppercrafts.eu\/fr\/wp-json\/wp\/v2\/media\/6088"}],"wp:attachment":[{"href":"https:\/\/coppercrafts.eu\/fr\/wp-json\/wp\/v2\/media?parent=4201"}],"wp:term":[{"taxonomy":"product_cat","embeddable":true,"href":"https:\/\/coppercrafts.eu\/fr\/wp-json\/wp\/v2\/product_cat?post=4201"},{"taxonomy":"product_tag","embeddable":true,"href":"https:\/\/coppercrafts.eu\/fr\/wp-json\/wp\/v2\/product_tag?post=4201"}],"curies":[{"name":"wp","href":"https:\/\/api.w.org\/{rel}","templated":true}]}}