{"id":4181,"date":"2020-12-22T23:37:34","date_gmt":"2020-12-22T23:37:34","guid":{"rendered":"http:\/\/coppercrafts.eu\/product\/produto-88\/"},"modified":"2023-11-06T13:04:02","modified_gmt":"2023-11-06T13:04:02","slug":"produto-88","status":"publish","type":"product","link":"https:\/\/coppercrafts.eu\/fr\/product\/produto-88\/","title":{"rendered":"Alambics en Cuivre - Mod\u00e8le Whisky 40L"},"content":{"rendered":"<p>Alambics en Cuivre - Mod\u00e8le Whisky 40 litres<\/p>","protected":false},"excerpt":{"rendered":"<ul>\n<li><strong>Plaque avec une composition en cuivre \u00e0 99,96 % ;<\/strong><\/li>\n<li><strong>Soudures au phosphore et aux m\u00e9taux ;<\/strong><\/li>\n<li><strong>100 % sans plomb ;<\/strong><\/li>\n<li><strong>\u00c9paisseur de plaque de cuivre plus \u00e9paisse;<\/strong><\/li>\n<li><strong>Fabriqu\u00e9 \u00e0 la main ;<\/strong><\/li>\n<li><strong>Martel\u00e9 \u00e0 la main, ce qui favorise la puret\u00e9 et la qualit\u00e9 du distillat ;<\/strong><\/li>\n<li><strong>Pipe faite \u00e0 la main, avec diff\u00e9rents diam\u00e8tres aux extr\u00e9mit\u00e9s.<\/strong><\/li>\n<\/ul>\n<p>Cet alambic en cuivre artisanal est bas\u00e9 sur la conception des alambics \u00e0 whisky \u00e9cossais traditionnels, id\u00e9al pour distiller tout type de boisson mais particuli\u00e8rement bien pour distiller du whisky, avec le casque haut typique et le bras l\u00e9g\u00e8rement inclin\u00e9 vers le bas permet un processus de reflux et le distillat devient plus pur.<\/p>\n<p><b>&#8230;<\/p>","protected":false},"featured_media":6076,"comment_status":"open","ping_status":"closed","template":"","meta":{"_themeisle_gutenberg_block_has_review":false},"product_cat":[92],"product_tag":[],"_links":{"self":[{"href":"https:\/\/coppercrafts.eu\/fr\/wp-json\/wp\/v2\/product\/4181"}],"collection":[{"href":"https:\/\/coppercrafts.eu\/fr\/wp-json\/wp\/v2\/product"}],"about":[{"href":"https:\/\/coppercrafts.eu\/fr\/wp-json\/wp\/v2\/types\/product"}],"replies":[{"embeddable":true,"href":"https:\/\/coppercrafts.eu\/fr\/wp-json\/wp\/v2\/comments?post=4181"}],"wp:featuredmedia":[{"embeddable":true,"href":"https:\/\/coppercrafts.eu\/fr\/wp-json\/wp\/v2\/media\/6076"}],"wp:attachment":[{"href":"https:\/\/coppercrafts.eu\/fr\/wp-json\/wp\/v2\/media?parent=4181"}],"wp:term":[{"taxonomy":"product_cat","embeddable":true,"href":"https:\/\/coppercrafts.eu\/fr\/wp-json\/wp\/v2\/product_cat?post=4181"},{"taxonomy":"product_tag","embeddable":true,"href":"https:\/\/coppercrafts.eu\/fr\/wp-json\/wp\/v2\/product_tag?post=4181"}],"curies":[{"name":"wp","href":"https:\/\/api.w.org\/{rel}","templated":true}]}}