{"id":4161,"date":"2020-12-22T23:37:32","date_gmt":"2020-12-22T23:37:32","guid":{"rendered":"http:\/\/coppercrafts.eu\/product\/produto-68\/"},"modified":"2023-11-06T13:06:19","modified_gmt":"2023-11-06T13:06:19","slug":"produto-68","status":"publish","type":"product","link":"https:\/\/coppercrafts.eu\/fr\/product\/produto-68\/","title":{"rendered":"Alambics Cuivre - Colonne Rotative 40L"},"content":{"rendered":"<p>Alambics Cuivre - Colonne Rotative 40 liters<\/p>","protected":false},"excerpt":{"rendered":"<ul>\n<li><strong>Plaque avec une composition en cuivre \u00e0 99,96 % ;<\/strong><\/li>\n<li><strong>Soudures au phosphore et aux m\u00e9taux ;<\/strong><\/li>\n<li><strong>100 % sans plomb ;<\/strong><\/li>\n<li><strong>\u00c9paisseur de plaque de cuivre plus \u00e9paisse;<\/strong><\/li>\n<li><strong>Fabriqu\u00e9 \u00e0 la main ;<\/strong><\/li>\n<li><strong>Martel\u00e9 \u00e0 la main, ce qui favorise la puret\u00e9 et la qualit\u00e9 du distillat ;<\/strong><\/li>\n<li><strong>Pipe faite \u00e0 la main, avec diff\u00e9rents diam\u00e8tres aux extr\u00e9mit\u00e9s.<\/strong><\/li>\n<\/ul>\n<p>Ce mod\u00e8le d'alambic est extr\u00eamement polyvalent et en m\u00eame temps tr\u00e8s facile \u00e0 utiliser. Dans l'alambic traditionnel, le mo\u00fbt et l'eau sont m\u00e9lang\u00e9s dans la chaudi\u00e8re, mais dans le mod\u00e8le d'alambic \u00e0 colonne tournante, le pot en cuivre fonctionne uniquement comme un producteur de vapeur puisque le mo\u00fbt n'est pas plac\u00e9 dans le pot mais dans la colonne, il y a donc pas de contact direct avec l'eau.<\/p>\n<p><b>&#8230;<\/p>","protected":false},"featured_media":6071,"comment_status":"open","ping_status":"closed","template":"","meta":{"_themeisle_gutenberg_block_has_review":false},"product_cat":[199],"product_tag":[],"_links":{"self":[{"href":"https:\/\/coppercrafts.eu\/fr\/wp-json\/wp\/v2\/product\/4161"}],"collection":[{"href":"https:\/\/coppercrafts.eu\/fr\/wp-json\/wp\/v2\/product"}],"about":[{"href":"https:\/\/coppercrafts.eu\/fr\/wp-json\/wp\/v2\/types\/product"}],"replies":[{"embeddable":true,"href":"https:\/\/coppercrafts.eu\/fr\/wp-json\/wp\/v2\/comments?post=4161"}],"wp:featuredmedia":[{"embeddable":true,"href":"https:\/\/coppercrafts.eu\/fr\/wp-json\/wp\/v2\/media\/6071"}],"wp:attachment":[{"href":"https:\/\/coppercrafts.eu\/fr\/wp-json\/wp\/v2\/media?parent=4161"}],"wp:term":[{"taxonomy":"product_cat","embeddable":true,"href":"https:\/\/coppercrafts.eu\/fr\/wp-json\/wp\/v2\/product_cat?post=4161"},{"taxonomy":"product_tag","embeddable":true,"href":"https:\/\/coppercrafts.eu\/fr\/wp-json\/wp\/v2\/product_tag?post=4161"}],"curies":[{"name":"wp","href":"https:\/\/api.w.org\/{rel}","templated":true}]}}