{"id":4128,"date":"2020-12-22T23:37:29","date_gmt":"2020-12-22T23:37:29","guid":{"rendered":"http:\/\/coppercrafts.eu\/product\/produto-35\/"},"modified":"2023-11-06T13:07:10","modified_gmt":"2023-11-06T13:07:10","slug":"produto-35","status":"publish","type":"product","link":"https:\/\/coppercrafts.eu\/fr\/product\/produto-35\/","title":{"rendered":"Alambics en cuivre - Unions soud\u00e9es 350L"},"content":{"rendered":"<p>Alambiques em Cobre &#8211; Uni\u00f5es Soldadas\u00a0350 litros<\/p>","protected":false},"excerpt":{"rendered":"<ul>\n<li><strong>Plaque avec une composition en cuivre \u00e0 99,96 % ;<\/strong><\/li>\n<li><strong>Soudures au phosphore et aux m\u00e9taux ;<\/strong><\/li>\n<li><strong>100 % sans plomb ;<\/strong><\/li>\n<li><strong>\u00c9paisseur de plaque de cuivre plus \u00e9paisse;<\/strong><\/li>\n<li><strong>Fabriqu\u00e9 \u00e0 la main ;<\/strong><\/li>\n<li><strong>Martel\u00e9 \u00e0 la main, ce qui favorise la puret\u00e9 et la qualit\u00e9 du distillat ;<\/strong><\/li>\n<li><strong>Pipe faite \u00e0 la main, avec diff\u00e9rents diam\u00e8tres aux extr\u00e9mit\u00e9s.<\/strong><\/li>\n<\/ul>\n<p>La construction de cet alambic est r\u00e9alis\u00e9e gr\u00e2ce \u00e0 des raccords soud\u00e9s qui garantissent une parfaite \u00e9tanch\u00e9it\u00e9 des vapeurs et des liquides \u00e0 distiller.<\/p>\n<p>La cuve de condensation est \u00e9quip\u00e9e d'un tuyau d'arriv\u00e9e d'eau situ\u00e9 \u00e0 sa base et d'un tuyau de sortie au sommet afin que l'eau circule dans le sens inverse des vapeurs descendantes.<\/p>\n<p>Ces mod\u00e8les peuvent \u00eatre utilis\u00e9s pour distiller des boissons alcoolis\u00e9es, des huiles essentielles et autres.<\/p>\n<p>Cet alambic est \u00e9quip\u00e9 d'une chaudi\u00e8re, d'un casque, d'un col de cygne et d'un condenseur \u00e0 serpentin.<\/p>\n<p><b>&#8230;<\/p>","protected":false},"featured_media":6041,"comment_status":"open","ping_status":"closed","template":"","meta":{"_themeisle_gutenberg_block_has_review":false},"product_cat":[193],"product_tag":[],"_links":{"self":[{"href":"https:\/\/coppercrafts.eu\/fr\/wp-json\/wp\/v2\/product\/4128"}],"collection":[{"href":"https:\/\/coppercrafts.eu\/fr\/wp-json\/wp\/v2\/product"}],"about":[{"href":"https:\/\/coppercrafts.eu\/fr\/wp-json\/wp\/v2\/types\/product"}],"replies":[{"embeddable":true,"href":"https:\/\/coppercrafts.eu\/fr\/wp-json\/wp\/v2\/comments?post=4128"}],"wp:featuredmedia":[{"embeddable":true,"href":"https:\/\/coppercrafts.eu\/fr\/wp-json\/wp\/v2\/media\/6041"}],"wp:attachment":[{"href":"https:\/\/coppercrafts.eu\/fr\/wp-json\/wp\/v2\/media?parent=4128"}],"wp:term":[{"taxonomy":"product_cat","embeddable":true,"href":"https:\/\/coppercrafts.eu\/fr\/wp-json\/wp\/v2\/product_cat?post=4128"},{"taxonomy":"product_tag","embeddable":true,"href":"https:\/\/coppercrafts.eu\/fr\/wp-json\/wp\/v2\/product_tag?post=4128"}],"curies":[{"name":"wp","href":"https:\/\/api.w.org\/{rel}","templated":true}]}}