{"id":4097,"date":"2020-12-22T23:37:26","date_gmt":"2020-12-22T23:37:26","guid":{"rendered":"http:\/\/coppercrafts.eu\/product\/produto-4\/"},"modified":"2023-11-06T11:01:23","modified_gmt":"2023-11-06T11:01:23","slug":"produto-4","status":"publish","type":"product","link":"https:\/\/coppercrafts.eu\/fr\/product\/produto-4\/","title":{"rendered":"Alambics Cuivre - Bain-marie 100L"},"content":{"rendered":"<p>Alambics Cuivre - Bain-marie 100litres<\/p>","protected":false},"excerpt":{"rendered":"<ul>\n<li><strong>Plaque avec une composition en cuivre \u00e0 99,96 % ;<\/strong><\/li>\n<li><strong>Soudures au phosphore et aux m\u00e9taux ;<\/strong><\/li>\n<li><strong>100 % sans plomb ;<\/strong><\/li>\n<li><strong>\u00c9paisseur de plaque de cuivre plus \u00e9paisse;<\/strong><\/li>\n<li><strong>Fabriqu\u00e9 \u00e0 la main ;<\/strong><\/li>\n<li><strong>Martel\u00e9 \u00e0 la main, ce qui favorise la puret\u00e9 et la qualit\u00e9 du distillat ;<\/strong><\/li>\n<\/ul>\n<p>Ce syst\u00e8me est construit avec un bain-marie dans lequel l'eau est plac\u00e9e, il dispose \u00e9galement d'un joint vapeur pratique qui fonctionne \u00e9galement avec de l'eau, \u00e9vitant ainsi le recours \u00e0 d'autres m\u00e9thodes d'\u00e9tanch\u00e9it\u00e9. L'alambic a deux tubes pour lib\u00e9rer les vapeurs excessives cr\u00e9\u00e9es dans la chambre externe.<\/p>\n<p><b><span style=\"vertical-align: inherit;\"><span style=\"vertical-align: inherit;\">&#8230;<\/p>","protected":false},"featured_media":6026,"comment_status":"open","ping_status":"closed","template":"","meta":{"_themeisle_gutenberg_block_has_review":false},"product_cat":[69],"product_tag":[],"_links":{"self":[{"href":"https:\/\/coppercrafts.eu\/fr\/wp-json\/wp\/v2\/product\/4097"}],"collection":[{"href":"https:\/\/coppercrafts.eu\/fr\/wp-json\/wp\/v2\/product"}],"about":[{"href":"https:\/\/coppercrafts.eu\/fr\/wp-json\/wp\/v2\/types\/product"}],"replies":[{"embeddable":true,"href":"https:\/\/coppercrafts.eu\/fr\/wp-json\/wp\/v2\/comments?post=4097"}],"wp:featuredmedia":[{"embeddable":true,"href":"https:\/\/coppercrafts.eu\/fr\/wp-json\/wp\/v2\/media\/6026"}],"wp:attachment":[{"href":"https:\/\/coppercrafts.eu\/fr\/wp-json\/wp\/v2\/media?parent=4097"}],"wp:term":[{"taxonomy":"product_cat","embeddable":true,"href":"https:\/\/coppercrafts.eu\/fr\/wp-json\/wp\/v2\/product_cat?post=4097"},{"taxonomy":"product_tag","embeddable":true,"href":"https:\/\/coppercrafts.eu\/fr\/wp-json\/wp\/v2\/product_tag?post=4097"}],"curies":[{"name":"wp","href":"https:\/\/api.w.org\/{rel}","templated":true}]}}