{"id":4094,"date":"2020-12-22T23:37:26","date_gmt":"2020-12-22T23:37:26","guid":{"rendered":"http:\/\/coppercrafts.eu\/product\/produto\/"},"modified":"2023-11-06T11:08:16","modified_gmt":"2023-11-06T11:08:16","slug":"produto","status":"publish","type":"product","link":"https:\/\/coppercrafts.eu\/fr\/product\/produto\/","title":{"rendered":"Alambics Cuivre - Bain-marie 200L"},"content":{"rendered":"<p>Alambics Cuivre - Bain-marie 200 litres<\/p>","protected":false},"excerpt":{"rendered":"<ul>\n<li><strong>Plaque avec une composition en cuivre \u00e0 99,96 % ;<\/strong><\/li>\n<li><strong>Soudures au phosphore et aux m\u00e9taux ;<\/strong><\/li>\n<li><strong>100 % sans plomb ;<\/strong><\/li>\n<li><strong>\u00c9paisseur de plaque de cuivre plus \u00e9paisse;<\/strong><\/li>\n<li><strong>Fabriqu\u00e9 \u00e0 la main ;<\/strong><\/li>\n<li><strong>Martel\u00e9 \u00e0 la main, ce qui favorise la puret\u00e9 et la qualit\u00e9 du distillat ;<\/strong><\/li>\n<\/ul>\n<p>Este sistema \u00e9 contru\u00eddo com uma dupla caldeira na qual \u00e9 colocada \u00e1gua, possui tamb\u00e9m uma pratica veda\u00e7\u00e3o de vapores que funciona tam<\/p>\n<p><b>&#8230;<\/p>","protected":false},"featured_media":6026,"comment_status":"open","ping_status":"closed","template":"","meta":{"_themeisle_gutenberg_block_has_review":false},"product_cat":[69],"product_tag":[],"_links":{"self":[{"href":"https:\/\/coppercrafts.eu\/fr\/wp-json\/wp\/v2\/product\/4094"}],"collection":[{"href":"https:\/\/coppercrafts.eu\/fr\/wp-json\/wp\/v2\/product"}],"about":[{"href":"https:\/\/coppercrafts.eu\/fr\/wp-json\/wp\/v2\/types\/product"}],"replies":[{"embeddable":true,"href":"https:\/\/coppercrafts.eu\/fr\/wp-json\/wp\/v2\/comments?post=4094"}],"wp:featuredmedia":[{"embeddable":true,"href":"https:\/\/coppercrafts.eu\/fr\/wp-json\/wp\/v2\/media\/6026"}],"wp:attachment":[{"href":"https:\/\/coppercrafts.eu\/fr\/wp-json\/wp\/v2\/media?parent=4094"}],"wp:term":[{"taxonomy":"product_cat","embeddable":true,"href":"https:\/\/coppercrafts.eu\/fr\/wp-json\/wp\/v2\/product_cat?post=4094"},{"taxonomy":"product_tag","embeddable":true,"href":"https:\/\/coppercrafts.eu\/fr\/wp-json\/wp\/v2\/product_tag?post=4094"}],"curies":[{"name":"wp","href":"https:\/\/api.w.org\/{rel}","templated":true}]}}