{"id":7364,"date":"2022-02-22T14:35:35","date_gmt":"2022-02-22T14:35:35","guid":{"rendered":"http:\/\/coppercrafts.eu\/?page_id=7364"},"modified":"2022-02-22T14:51:35","modified_gmt":"2022-02-22T14:51:35","slug":"formulario-duvidas","status":"publish","type":"page","link":"https:\/\/coppercrafts.eu\/fr\/formulario-duvidas\/","title":{"rendered":"Formulaire de doutes"},"content":{"rendered":"<h1>Nous pouvons aider?<\/h1>\n\n\n\n<p><strong>Dans le formulaire ci-dessous, d\u00e9crivez votre question, nous vous r\u00e9pondrons dans les plus brefs d\u00e9lais. <\/strong><\/p>\n\n\n\n<div class=\"wp-block-contact-form-7-contact-form-selector\"><div role=\"form\" class=\"wpcf7\" id=\"wpcf7-f7366-o1\" lang=\"en-US\" dir=\"ltr\">\n<div class=\"screen-reader-response\"><\/div>\n<form action=\"\/fr\/wp-json\/wp\/v2\/pages\/7364#wpcf7-f7366-o1\" method=\"post\" class=\"wpcf7-form\" enctype=\"multipart\/form-data\" novalidate=\"novalidate\" data-trp-original-action=\"\/fr\/wp-json\/wp\/v2\/pages\/7364#wpcf7-f7366-o1\">\n<div style=\"display: none;\">\n<input type=\"hidden\" name=\"_wpcf7\" value=\"7366\" \/>\n<input type=\"hidden\" name=\"_wpcf7_version\" value=\"5.0\" \/>\n<input type=\"hidden\" name=\"_wpcf7_locale\" value=\"en_US\" \/>\n<input type=\"hidden\" name=\"_wpcf7_unit_tag\" value=\"wpcf7-f7366-o1\" \/>\n<input type=\"hidden\" name=\"_wpcf7_container_post\" value=\"0\" \/>\n<\/div>\n<p><span class=\"wpcf7-form-control-wrap your-name\"><input type=\"text\" name=\"your-name\" value=\"\" size=\"40\" class=\"wpcf7-form-control wpcf7-text wpcf7-validates-as-required\" aria-required=\"true\" aria-invalid=\"false\" placeholder=\"Nome*\" \/><\/span> <\/p>\n<p><span class=\"wpcf7-form-control-wrap your-email\"><input type=\"email\" name=\"your-email\" value=\"\" size=\"40\" class=\"wpcf7-form-control wpcf7-text wpcf7-email wpcf7-validates-as-required wpcf7-validates-as-email\" aria-required=\"true\" aria-invalid=\"false\" placeholder=\"Email*\" \/><\/span><\/p>\n<p><span class=\"wpcf7-form-control-wrap your-name\"><input type=\"text\" name=\"your-name\" value=\"\" size=\"40\" class=\"wpcf7-form-control wpcf7-text\" aria-invalid=\"false\" placeholder=\"Ref. Produto\" \/><\/span> <\/p>\n<p><span class=\"wpcf7-form-control-wrap your-message\"><textarea name=\"your-message\" cols=\"40\" rows=\"10\" class=\"wpcf7-form-control wpcf7-textarea wpcf7-validates-as-required\" aria-required=\"true\" aria-invalid=\"false\" placeholder=\"D\u00favida sobre produto*\"><\/textarea><\/span><\/p>\n<p><span class=\"wpcf7-form-control-wrap file-529\"><input type=\"file\" name=\"file-529\" size=\"40\" class=\"wpcf7-form-control wpcf7-file\" accept=\".jpg,.jpeg,.png,.gif,.pdf,.doc,.docx,.ppt,.pptx,.odt,.avi,.ogg,.m4a,.mov,.mp3,.mp4,.mpg,.wav,.wmv\" aria-invalid=\"false\" \/><\/span><\/p>\n<p class=\"submit-btn\"><input type=\"submit\" value=\"Envoyer\" class=\"wpcf7-form-control wpcf7-submit\" \/><i class=\"fa fa-chevron-right\"><\/i><\/p>\n<div class=\"wpcf7-form-control-wrap\"><div data-sitekey=\"6LcuacwqAAAAAAusAKyPgt2kpff6lcbMoNs3Kije\" class=\"wpcf7-form-control g-recaptcha wpcf7-recaptcha\"><\/div>\n<noscript>\n\t<div style=\"width: 302px; height: 422px;\">\n\t\t<div style=\"width: 302px; height: 422px; position: relative;\">\n\t\t\t<div style=\"width: 302px; height: 422px; position: absolute;\">\n\t\t\t\t<iframe src=\"https:\/\/www.google.com\/recaptcha\/api\/fallback?k=6LcuacwqAAAAAAusAKyPgt2kpff6lcbMoNs3Kije\" frameborder=\"0\" scrolling=\"no\" style=\"width: 302px; height:422px; border-style: none;\">\n\t\t\t\t<\/iframe>\n\t\t\t<\/div>\n\t\t\t<div style=\"width: 300px; height: 60px; border-style: none; bottom: 12px; left: 25px; margin: 0px; padding: 0px; right: 25px; background: #f9f9f9; border: 1px solid #c1c1c1; border-radius: 3px;\">\n\t\t\t\t<textarea id=\"g-recaptcha-response\" name=\"g-recaptcha-response\" class=\"g-recaptcha-response\" style=\"width: 250px; height: 40px; border: 1px solid #c1c1c1; margin: 10px 25px; padding: 0px; resize: none;\">\n\t\t\t\t<\/textarea>\n\t\t\t<\/div>\n\t\t<\/div>\n\t<\/div>\n<\/noscript>\n<\/div><br \/>\n<div class=\"wpcf7-response-output wpcf7-display-none\"><\/div><input type=\"hidden\" name=\"trp-form-language\" value=\"fr\"\/><\/form><\/div><\/div>","protected":false},"excerpt":{"rendered":"<p>Podemos ajudar? No formul\u00e1rio que se segue descreva a sua d\u00favida, vamos responder o mais breve poss\u00edvel.<\/p>","protected":false},"author":26,"featured_media":0,"parent":0,"menu_order":0,"comment_status":"closed","ping_status":"closed","template":"","meta":{"_themeisle_gutenberg_block_has_review":false},"_links":{"self":[{"href":"https:\/\/coppercrafts.eu\/fr\/wp-json\/wp\/v2\/pages\/7364"}],"collection":[{"href":"https:\/\/coppercrafts.eu\/fr\/wp-json\/wp\/v2\/pages"}],"about":[{"href":"https:\/\/coppercrafts.eu\/fr\/wp-json\/wp\/v2\/types\/page"}],"author":[{"embeddable":true,"href":"https:\/\/coppercrafts.eu\/fr\/wp-json\/wp\/v2\/users\/26"}],"replies":[{"embeddable":true,"href":"https:\/\/coppercrafts.eu\/fr\/wp-json\/wp\/v2\/comments?post=7364"}],"version-history":[{"count":3,"href":"https:\/\/coppercrafts.eu\/fr\/wp-json\/wp\/v2\/pages\/7364\/revisions"}],"predecessor-version":[{"id":7369,"href":"https:\/\/coppercrafts.eu\/fr\/wp-json\/wp\/v2\/pages\/7364\/revisions\/7369"}],"wp:attachment":[{"href":"https:\/\/coppercrafts.eu\/fr\/wp-json\/wp\/v2\/media?parent=7364"}],"curies":[{"name":"wp","href":"https:\/\/api.w.org\/{rel}","templated":true}]}}