{"id":5878,"date":"2021-04-26T15:46:34","date_gmt":"2021-04-26T15:46:34","guid":{"rendered":"http:\/\/coppercrafts.eu\/?page_id=5878"},"modified":"2021-04-26T15:46:35","modified_gmt":"2021-04-26T15:46:35","slug":"garantia","status":"publish","type":"page","link":"https:\/\/coppercrafts.eu\/fr\/garantia\/","title":{"rendered":"Garantie"},"content":{"rendered":"<p>Tous les produits fournis par notre Soci\u00e9t\u00e9 sont garantis 2 ans \u00e0 compter de la date d'achat contre les d\u00e9fauts. Cette garantie ne s'applique pas lorsque l'anomalie r\u00e9sulte d'une mauvaise utilisation des produits.La Soci\u00e9t\u00e9 se r\u00e9serve le droit, \u00e0 sa seule discr\u00e9tion, de juger de la bonne ou mauvaise utilisation du produit et de la garantie respective.<\/p>\n\n\n\n<p>Coppercrafts\u00ae\ufe0f n'est pas responsable des dommages r\u00e9sultant d'une mauvaise utilisation de l'\u00e9quipement, cette limitation de responsabilit\u00e9 s'applique \u00e0 tous les dommages, y compris l'indemnisation, les dommages directs et indirects, les pertes ou dommages mat\u00e9riels, les r\u00e9clamations de tiers ou les blessures r\u00e9sultant de la n\u00e9gligence de l'acheteur. l'\u00e9quipement. Nous nous exon\u00e9rons \u00e9galement de toute responsabilit\u00e9 d\u00e9coulant de la consommation et de l'utilisation des produits issus de la distillation.<\/p>\n\n\n\n<p>Merci de votre confiance en notre entreprise en achetant un produit Coppercrafts\u00ae\ufe0f.<br>Si vous avez besoin de plus de pr\u00e9cisions, veuillez envoyer un e-mail \u00e0\u00a0: <a href=\"mailto:geral@coppercrafts.eu\">geral@coppercrafts.eu<\/a><\/p>","protected":false},"excerpt":{"rendered":"<p>Todos os produtos fornecidos pela nossa Empresa t\u00eam uma garantia de 2 anos, a contar da data de aquisi\u00e7\u00e3o, contra defeitos. Esta&#8230;<\/p>","protected":false},"author":26,"featured_media":0,"parent":0,"menu_order":0,"comment_status":"closed","ping_status":"closed","template":"","meta":{"_themeisle_gutenberg_block_has_review":false},"_links":{"self":[{"href":"https:\/\/coppercrafts.eu\/fr\/wp-json\/wp\/v2\/pages\/5878"}],"collection":[{"href":"https:\/\/coppercrafts.eu\/fr\/wp-json\/wp\/v2\/pages"}],"about":[{"href":"https:\/\/coppercrafts.eu\/fr\/wp-json\/wp\/v2\/types\/page"}],"author":[{"embeddable":true,"href":"https:\/\/coppercrafts.eu\/fr\/wp-json\/wp\/v2\/users\/26"}],"replies":[{"embeddable":true,"href":"https:\/\/coppercrafts.eu\/fr\/wp-json\/wp\/v2\/comments?post=5878"}],"version-history":[{"count":2,"href":"https:\/\/coppercrafts.eu\/fr\/wp-json\/wp\/v2\/pages\/5878\/revisions"}],"predecessor-version":[{"id":8353,"href":"https:\/\/coppercrafts.eu\/fr\/wp-json\/wp\/v2\/pages\/5878\/revisions\/8353"}],"wp:attachment":[{"href":"https:\/\/coppercrafts.eu\/fr\/wp-json\/wp\/v2\/media?parent=5878"}],"curies":[{"name":"wp","href":"https:\/\/api.w.org\/{rel}","templated":true}]}}