{"id":5685,"date":"2021-03-30T16:04:45","date_gmt":"2021-03-30T16:04:45","guid":{"rendered":"http:\/\/coppercrafts.eu\/?page_id=5685"},"modified":"2023-01-23T16:58:01","modified_gmt":"2023-01-23T16:58:01","slug":"projecto","status":"publish","type":"page","link":"https:\/\/coppercrafts.eu\/fr\/projecto\/","title":{"rendered":"Projeto"},"content":{"rendered":"<div class=\"vc_row wpb_row vc_row-fluid\"><div class=\"wpb_column vc_column_container vc_col-sm-12\"><div class=\"vc_column-inner\"><div class=\"wpb_wrapper\">\n\t<div class=\"wpb_text_column wpb_content_element\" >\n\t\t<div class=\"wpb_wrapper\">\n\t\t\t<figure class=\"wp-block-image size-large\"><img width=\"1024\" height=\"132\" src=\"http:\/\/coppercrafts.eu\/wp-content\/uploads\/2020\/12\/barra_feder-1-1024x132.jpg\" alt=\"\" class=\"wp-image-3817\" srcset=\"https:\/\/coppercrafts.eu\/wp-content\/uploads\/2020\/12\/barra_feder-1-1024x132.jpg 1024w, https:\/\/coppercrafts.eu\/wp-content\/uploads\/2020\/12\/barra_feder-1-scaled-1200x155.jpg 1200w, https:\/\/coppercrafts.eu\/wp-content\/uploads\/2020\/12\/barra_feder-1-300x39.jpg 300w, https:\/\/coppercrafts.eu\/wp-content\/uploads\/2020\/12\/barra_feder-1-768x99.jpg 768w, https:\/\/coppercrafts.eu\/wp-content\/uploads\/2020\/12\/barra_feder-1-1536x198.jpg 1536w, https:\/\/coppercrafts.eu\/wp-content\/uploads\/2020\/12\/barra_feder-1-2048x264.jpg 2048w, https:\/\/coppercrafts.eu\/wp-content\/uploads\/2020\/12\/barra_feder-1-16x2.jpg 16w\" sizes=\"(max-width: 1024px) 100vw, 1024px\" \/><\/figure>\n<p><strong>D\u00e9signation du projet |<\/strong>&nbsp;Augmentation de la capacit\u00e9 de production de M. Silva, Seabra &amp; C\u00aa, Lda \u2013 Innovation technologique, marketing et organisationnelle dans un contexte de pr\u00e9servation des techniques artisanales s\u00e9culaires.<\/p>\n<p><strong>Code du projet |<\/strong>&nbsp;NORTE-02-0853-FEDER-039594<\/p>\n<p><strong>Objectif principal |<\/strong>&nbsp;Renforcer la comp\u00e9titivit\u00e9 des petites et moyennes entreprises<\/p>\n<p><strong>R\u00e9gion d'intervention |<\/strong>&nbsp;NORTE<\/p>\n<p><strong>Entidade benefici\u00e1ria |<\/strong>&nbsp;M. SILVA, SEABRA &amp; C\u00aa LDA<\/p>\n<p><strong>Date d'approbation |&nbsp;<\/strong>23-10-2018<\/p>\n<p><strong>Date de d\u00e9but |&nbsp;<\/strong>01-12-2018<\/p>\n<p><strong>Date d'ach\u00e8vement |\u00a0<\/strong>30-06-2021<\/p>\n<p><strong>Co\u00fbt \u00e9ligible total |&nbsp;<\/strong>911.587,13<\/p>\n<p><strong>Soutien financier de l'Union europ\u00e9enne |<\/strong>&nbsp;638.110,99<\/p>\n<p><strong>Objectifs<\/strong>:<\/p>\n<p>Augmentation de la capacit\u00e9 de production, int\u00e9gration de nouveaux \u00e9quipements dans le processus de production afin d'automatiser les processus, tout en pr\u00e9servant les techniques artisanales s\u00e9culaires qui ajoutent de la valeur au produit.<\/p>\n<p>Adoption de processus selon les principes d'utilisation efficace des ressources et d'efficacit\u00e9 \u00e9nerg\u00e9tique.<\/p>\n<p><strong>Activit\u00e9s:<\/strong><\/p>\n<ul>\n<li>Travaux de construction\/r\u00e9novation\u00a0;<\/li>\n<li>Introduction d'un nouveau mode d'organisation dans les pratiques d'affaires;<\/li>\n<li>Repositionner le mix marketing par la cr\u00e9ation d'un canal e-commerce ;<\/li>\n<li>Adoption de processus conformes aux principes d'efficacit\u00e9 \u00e9nerg\u00e9tique, d'utilisation efficace des ressources et de durabilit\u00e9\u00a0;<\/li>\n<li>Innovation et processus et produit par l'introduction d'\u00e9quipements productifs\u00a0;<\/li>\n<li>Cr\u00e9ation d'une nouvelle gamme de produits fonctionnels et personnalis\u00e9s;<\/li>\n<li>Cr\u00e9ation d'emploi.<\/li>\n<\/ul>\n<p><strong>Indicateurs de r\u00e9sultat\u00a0:<\/strong><\/p>\n<ul>\n<li>Variation relative et absolue du chiffre d'affaires\u00a0;<\/li>\n<li>Variation relative et absolue de VAB\u00a0;<\/li>\n<\/ul>\n\n\t\t<\/div>\n\t<\/div>\n<\/div><\/div><\/div><\/div><div class=\"vc_row wpb_row vc_row-fluid\"><div class=\"wpb_column vc_column_container vc_col-sm-12\"><div class=\"vc_column-inner\"><div class=\"wpb_wrapper\">\n\t<div  class=\"wpb_single_image wpb_content_element vc_align_left\">\n\t\t\n\t\t<figure class=\"wpb_wrapper vc_figure\">\n\t\t\t<div class=\"vc_single_image-wrapper   vc_box_border_grey\"><img width=\"575\" height=\"710\" src=\"https:\/\/coppercrafts.eu\/wp-content\/uploads\/2023\/01\/Capturar-1.jpg\" class=\"vc_single_image-img attachment-full\" alt=\"\" srcset=\"https:\/\/coppercrafts.eu\/wp-content\/uploads\/2023\/01\/Capturar-1.jpg 575w, https:\/\/coppercrafts.eu\/wp-content\/uploads\/2023\/01\/Capturar-1-243x300.jpg 243w, https:\/\/coppercrafts.eu\/wp-content\/uploads\/2023\/01\/Capturar-1-10x12.jpg 10w, https:\/\/coppercrafts.eu\/wp-content\/uploads\/2023\/01\/Capturar-1-360x446.jpg 360w\" sizes=\"(max-width: 575px) 100vw, 575px\" \/><\/div>\n\t\t<\/figure>\n\t<\/div>\n<\/div><\/div><\/div><\/div>","protected":false},"excerpt":{"rendered":"<p>Designa\u00e7\u00e3o do projeto |&nbsp;Aumento da capacidade produtiva da M. Silva, Seabra &amp; C\u00aa,Lda &#8211; A Inova\u00e7\u00e3o Tecnol\u00f3gica, Marketing e Organizacional num contexto&#8230;<\/p>","protected":false},"author":26,"featured_media":0,"parent":0,"menu_order":0,"comment_status":"closed","ping_status":"closed","template":"","meta":{"_themeisle_gutenberg_block_has_review":false},"_links":{"self":[{"href":"https:\/\/coppercrafts.eu\/fr\/wp-json\/wp\/v2\/pages\/5685"}],"collection":[{"href":"https:\/\/coppercrafts.eu\/fr\/wp-json\/wp\/v2\/pages"}],"about":[{"href":"https:\/\/coppercrafts.eu\/fr\/wp-json\/wp\/v2\/types\/page"}],"author":[{"embeddable":true,"href":"https:\/\/coppercrafts.eu\/fr\/wp-json\/wp\/v2\/users\/26"}],"replies":[{"embeddable":true,"href":"https:\/\/coppercrafts.eu\/fr\/wp-json\/wp\/v2\/comments?post=5685"}],"version-history":[{"count":3,"href":"https:\/\/coppercrafts.eu\/fr\/wp-json\/wp\/v2\/pages\/5685\/revisions"}],"predecessor-version":[{"id":7582,"href":"https:\/\/coppercrafts.eu\/fr\/wp-json\/wp\/v2\/pages\/5685\/revisions\/7582"}],"wp:attachment":[{"href":"https:\/\/coppercrafts.eu\/fr\/wp-json\/wp\/v2\/media?parent=5685"}],"curies":[{"name":"wp","href":"https:\/\/api.w.org\/{rel}","templated":true}]}}