{"id":3,"date":"2020-07-30T15:29:23","date_gmt":"2020-07-30T15:29:23","guid":{"rendered":"http:\/\/coppercrafts.eu\/?page_id=3"},"modified":"2021-04-26T16:25:13","modified_gmt":"2021-04-26T16:25:13","slug":"privacy-policy","status":"publish","type":"page","link":"https:\/\/coppercrafts.eu\/fr\/privacy-policy\/","title":{"rendered":"Politique de confidentialit\u00e9"},"content":{"rendered":"<h2>POLITIQUE DE CONFIDENTIALIT\u00c9<\/h2>\n\n\n\n<p>Votre vie priv\u00e9e est importante pour nous. Nous respectons votre vie priv\u00e9e et nous nous engageons \u00e0 la prot\u00e9ger. Pour mieux prot\u00e9ger votre vie priv\u00e9e, nous fournissons cet avis expliquant nos pratiques de confidentialit\u00e9 et les options qui s'offrent \u00e0 vous pour la mani\u00e8re dont vos informations sont collect\u00e9es et utilis\u00e9es.<\/p>\n\n\n\n<h3>IDENTIFICATION DU RESPONSABLE<\/h3>\n\n\n\n<p>Le cadeau\u00a0<a rel=\"noreferrer noopener\" href=\"https:\/\/coppercrafts.eu\/fr\/\" target=\"_blank\">Website<\/a>\u00a0est d\u00e9tenu et g\u00e9r\u00e9 par Coppercrafts, bas\u00e9 \u00e0 Monte Carvalhoso S\u00e3o Martinho de Sardoura 4550-840 CASTELO DE PAIVA.<\/p>\n\n\n\n<h3>COLLECTE ET TRAITEMENT DES DONNEES PERSONNELLES<\/h3>\n\n\n\n<p>Les donn\u00e9es personnelles collect\u00e9es et trait\u00e9es par Coppercrafts sont celles que vous placez volontairement dans les formulaires ou chatbots de ce site Web. Ce site Web \u00e9tant destin\u00e9 aux contacts commerciaux, en saisissant des donn\u00e9es dans la collecte, vous acceptez qu'elles soient trait\u00e9es dans un contexte commercial.<\/p>\n\n\n\n<p>La saisie de ces donn\u00e9es peut \u00eatre n\u00e9cessaire pour acc\u00e9der ou obtenir certains contenus ou services.<\/p>\n\n\n\n<p>Les donn\u00e9es personnelles collect\u00e9es sont : nom, adresse, t\u00e9l\u00e9phone\/portable et e-mail.<\/p>\n\n\n\n<p>De m\u00eame, lorsque vous visitez notre site Web, nous collectons des informations appel\u00e9es \u00ab clickstreams \u00bb (adresse IP, nom de domaine, etc.). Ces informations, combin\u00e9es aux donn\u00e9es que vous nous fournissez, nous permettent de mieux personnaliser vos visites.<\/p>\n\n\n\n<h3>FINALIT\u00c9 DU TRAITEMENT DES DONN\u00c9ES PERSONNELLES<\/h3>\n\n\n\n<p>Nous utilisons les informations personnelles des mani\u00e8res suivantes :<\/p>\n\n\n\n<p>1. Pour vous fournir des informations sur les mises \u00e0 jour de produits, les nouveaux produits, les services, les newsletters, les e-mails informatifs et la recherche d'id\u00e9es pour de futurs produits ou am\u00e9liorations\u00a0;<\/p>\n\n\n\n<p>2. Pour nous aider \u00e0 cr\u00e9er du contenu pertinent pour vous ;<\/p>\n\n\n\n<p>3. Pour vous proposer des offres sp\u00e9ciales susceptibles de vous int\u00e9resser ;<\/p>\n\n\n\n<p>4. Pour nous aider \u00e0 cr\u00e9er de meilleurs produits et services qui r\u00e9pondent \u00e0 vos besoins\u00a0;<\/p>\n\n\n\n<p>5. Pour vous permettre de t\u00e9l\u00e9charger des documents, d'acc\u00e9der \u00e0 des services ou de participer \u00e0 d'autres activit\u00e9s de votre choix.<\/p>\n\n\n\n<h3>MARKETING ET COMMUNICATION<\/h3>\n\n\n\n<p>En pla\u00e7ant une croix et en cliquant sur le bouton \"J'accepte\" (ou \u00e9quivalent) sur les formulaires ou chatbots, vous consentez \u00e0 recevoir des communications \u00e9lectroniques d'informations utiles aux entreprises num\u00e9riques, par email ou t\u00e9l\u00e9phone portable, envoy\u00e9es par Coppercrafts.<\/p>\n\n\n\n<h2>TES DROITS<\/h2>\n\n\n\n<p>Pour exercer le droit d'acc\u00e8s, de rectification, d'annulation ou d'opposition de vos donn\u00e9es personnelles, vous pouvez envoyer une communication \u00e9crite \u00e0 l'adresse e-mail suivante :&nbsp;<a href=\"mailto:geral@coppercrafts.eu\"><\/a><a href=\"mailto:geral@coppercrafts.eu\">geral@coppercrafts.eu<\/a> .<\/p>\n\n\n\n<p>Si vous souhaitez ne plus recevoir de communications, vous pouvez exercer votre droit d'opposition :<\/p>\n\n\n\n<p>a) En cliquant sur le lien hypertexte pr\u00e9vu \u00e0 cet effet (g\u00e9n\u00e9ralement avec l'indication de \u00ab\u00a0d\u00e9sabonnement\u00a0\u00bb) dans tout message \u00e9lectronique que vous recevez \u00e0 la suite de votre inscription sur ce site Web\u00a0;<\/p>\n\n\n\n<p>b) Enviando uma mensagem de correio eletr\u00f3nico para o endere\u00e7o&nbsp;<a href=\"mailto:geral@coppercrafts.eu\"><\/a><a href=\"mailto:geral@coppercrafts.eu\">geral@coppercrafts.eu<\/a> com o assunto \u201cCancelamento\u201d; ou por via postal, para a morada indicada no in\u00edcio desta Pol\u00edtica de Privacidade.<\/p>\n\n\n\n<h2>SEGURAN\u00c7A<\/h2>\n\n\n\n<p>A Coppercrafts utiliza as medidas de seguran\u00e7a adequadas \u00e0 prote\u00e7\u00e3o dos seus dados pessoais contra a destrui\u00e7\u00e3o, acidental ou il\u00edcita, a perda acidental, a altera\u00e7\u00e3o, a difus\u00e3o ou o acesso n\u00e3o autorizado, e contra qualquer outra forma de tratamento il\u00edcito. No entanto, como a Internet n\u00e3o \u00e9 totalmente segura, advertimos que os seus dados pessoais podem vir a circular na rede sem condi\u00e7\u00f5es de seguran\u00e7a, correndo o risco de serem vistos e utilizados por terceiros n\u00e3o autorizados.<\/p>\n\n\n\n<p>Pour assurer la s\u00e9curit\u00e9 de vos informations personnelles, nous avons \u00e9tabli un certain nombre de mesures de s\u00e9curit\u00e9 et de protection. Vos informations personnelles sont stock\u00e9es sur des r\u00e9seaux s\u00e9curis\u00e9s, accessibles uniquement \u00e0 un nombre limit\u00e9 de personnes disposant de droits d'acc\u00e8s particuliers et s'engageant \u00e0 respecter et \u00e0 maintenir le caract\u00e8re confidentiel de ces informations.<\/p>\n\n\n\n<p>Nonobstant ces mesures, lorsque vous fournissez des informations personnelles sur Internet, il existe toujours un risque qu'elles soient intercept\u00e9es et utilis\u00e9es par des tiers ind\u00e9pendants de notre volont\u00e9. Bien que nous fassions tout notre possible pour prot\u00e9ger vos informations personnelles et votre vie priv\u00e9e, nous ne pouvons garantir la s\u00e9curit\u00e9 des informations que vous mettez \u00e0 disposition sur Internet.<\/p>\n\n\n\n<h2>COOKIES<\/h2>\n\n\n\n<p>Le site Web de Coppercrafts peut utiliser une technologie largement connue dans l'industrie sous le nom de \"cookies\". Un cookie est un fichier texte unique qu'un site Web envoie \u00e0 votre logiciel de navigation. Les cookies permettent \u00e0 un site Web de personnaliser les informations qui lui sont pr\u00e9sent\u00e9es, en fonction de vos pr\u00e9f\u00e9rences de navigation. Nous pouvons utiliser des cookies pour personnaliser vos pages ou pour \u00ab\u00a0se souvenir\u00a0\u00bb de vous lors de l'enregistrement de produits ou de services. Si vous ne souhaitez pas que nous installions des cookies sur votre navigateur, vous pouvez le configurer pour qu'il refuse les cookies. Le refus des cookies peut affecter votre capacit\u00e9 \u00e0 utiliser certains des services de notre site Web.<\/p>\n\n\n\n<p>Coppercrafts utilise \u00e9galement des cookies pour suivre les visites sur notre site Web. Les informations ainsi recueillies nous aident \u00e0 optimiser le contenu du Site, sa navigation et ses performances.<\/p>\n\n\n\n<h3>AUTRES CONSID\u00c9RATIONS<\/h3>\n\n\n\n<p>Coppercrafts n'est pas responsable des actes ou omissions de tiers, notamment en ce qui concerne les liens vers d'autres sites Internet et leur contenu.<\/p>\n\n\n\n<p>En cas de fusion, scission, transformation, dissolution ou insolvabilit\u00e9 de la soci\u00e9t\u00e9 commerciale Coppercrafts, vos donn\u00e9es pourront \u00eatre transmises \u00e0 des tiers, en tant qu'actif commercial, toujours dans le respect du droit applicable et en pr\u00e9servant vos droits en tant que personne concern\u00e9e, notamment en ce qui concerne le consentement donn\u00e9 et les droits d'opposition, d'acc\u00e8s, de rectification, de suppression ou de blocage.<\/p>\n\n\n\n<p>En cas de modifications l\u00e9gislatives ou commerciales, Coppercrafts se r\u00e9serve le droit de modifier cette politique, vous devez donc la consulter chaque fois que vous utilisez ce site Web.<\/p>\n\n\n\n<p>Pour plus d'informations, merci de nous contacter par mail \u00e0 l'adresse&nbsp;<a href=\"mailto: geral@coppercrafts.eu\">&nbsp;<\/a><a href=\"mailto:geral@coppercrafts.eu\">geral@coppercrafts.eu<\/a>.&nbsp;<\/p>","protected":false},"excerpt":{"rendered":"<p>POL\u00cdTICA DE PRIVACIDADE A sua privacidade \u00e9 importante para n\u00f3s. Respeitamos a sua privacidade e estamos empenhados em proteg\u00ea-la. Para melhor protegermos&#8230;<\/p>","protected":false},"author":26,"featured_media":0,"parent":0,"menu_order":0,"comment_status":"closed","ping_status":"open","template":"","meta":{"_themeisle_gutenberg_block_has_review":false},"_links":{"self":[{"href":"https:\/\/coppercrafts.eu\/fr\/wp-json\/wp\/v2\/pages\/3"}],"collection":[{"href":"https:\/\/coppercrafts.eu\/fr\/wp-json\/wp\/v2\/pages"}],"about":[{"href":"https:\/\/coppercrafts.eu\/fr\/wp-json\/wp\/v2\/types\/page"}],"author":[{"embeddable":true,"href":"https:\/\/coppercrafts.eu\/fr\/wp-json\/wp\/v2\/users\/26"}],"replies":[{"embeddable":true,"href":"https:\/\/coppercrafts.eu\/fr\/wp-json\/wp\/v2\/comments?post=3"}],"version-history":[{"count":5,"href":"https:\/\/coppercrafts.eu\/fr\/wp-json\/wp\/v2\/pages\/3\/revisions"}],"predecessor-version":[{"id":5910,"href":"https:\/\/coppercrafts.eu\/fr\/wp-json\/wp\/v2\/pages\/3\/revisions\/5910"}],"wp:attachment":[{"href":"https:\/\/coppercrafts.eu\/fr\/wp-json\/wp\/v2\/media?parent=3"}],"curies":[{"name":"wp","href":"https:\/\/api.w.org\/{rel}","templated":true}]}}