{"id":7686,"date":"2023-11-03T14:25:15","date_gmt":"2023-11-03T14:25:15","guid":{"rendered":"https:\/\/coppercrafts.eu\/?post_type=product&#038;p=7686"},"modified":"2023-11-03T14:25:15","modified_gmt":"2023-11-03T14:25:15","slug":"modular-alambique-capacete-invertido-60-litros","status":"publish","type":"product","link":"https:\/\/coppercrafts.eu\/en\/product\/modular-alambique-capacete-invertido-60-litros\/","title":{"rendered":"Modular Alambique Capacete Invertido 60 Litros"},"content":{"rendered":"<p>Modular Alambique Capacete Invertido 60 Litros<\/p>","protected":false},"excerpt":{"rendered":"<p>Um alambique Modular oferece v\u00e1rias op\u00e7\u00f5es de personaliza\u00e7\u00e3o para atender \u00e0s necessidades e procura dos produtores, permite uma maior personaliza\u00e7\u00e3o e adapta\u00e7\u00e3o \u00e0s mudan\u00e7as na produ\u00e7\u00e3o que se pretende obter.<\/p>\n<p>A caldeira em Cobre &#8220;M&#8221; \u00e9 fabricada com espessuras de cobre que permitem um produto com uma enorme longevidade, possui uma cinta inox onde s\u00e3o soldadas as asas, evitando assim qualquer tipo de furo na caldeira.<\/p>\n<p><strong>Alambique Modular &#8211; Modelo Capacete Invertido<\/strong><br \/>\nMade in Portugal<\/p>\n<p><strong>Product Constituents:\u00a0 \u00a0 \u00a0 \u00a0 \u00a0 \u00a0 \u00a0 \u00a0 \u00a0 \u00a0 \u00a0 \u00a0 \u00a0 \u00a0 \u00a0 \u00a0 \u00a0 \u00a0 \u00a0 \u00a0 \u00a0 \u00a0 \u00a0 \u00a0 \u00a0 \u00a0 \u00a0 \u00a0 \u00a0 \u00a0 \u00a0 \u00a0 \u00a0 \u00a0 \u00a0 <\/strong>Caldeira em cobre<br \/>\n2 Redu\u00e7\u00f5es 4&#8243; &#8211; 2&#8243;\u00a0 \u00a0 \u00a0 \u00a0 \u00a0 \u00a0 \u00a0 \u00a0 \u00a0 \u00a0 \u00a0 \u00a0 \u00a0 \u00a0 \u00a0 \u00a0 \u00a0 \u00a0 \u00a0 \u00a0 \u00a0 \u00a0 \u00a0 \u00a0 \u00a0 \u00a0 \u00a0 \u00a0 \u00a0 \u00a0 \u00a0 \u00a0 \u00a0 \u00a0 \u00a0 \u00a0 \u00a0 \u00a0 \u00a0 \u00a0 \u00a0 \u00a0 \u00a0 \u00a0Capacete<br \/>\nTerm\u00f3metro<br \/>\nCurva em cobre<br \/>\nVertical Tube Condenser<\/p>\n<p><strong>Como extras recomendamos:\u00a0 \u00a0 \u00a0 \u00a0 \u00a0 \u00a0 \u00a0 \u00a0 \u00a0 \u00a0 \u00a0 \u00a0 \u00a0 \u00a0 \u00a0 \u00a0 \u00a0 \u00a0 \u00a0 \u00a0 \u00a0 \u00a0 \u00a0 \u00a0 \u00a0 \u00a0 \u00a0 \u00a0 \u00a0 \u00a0 \u00a0 \u00a0 \u00a0 <\/strong>Parrot Beak<br \/>\nUni\u00e3o para aquecimento el\u00e9ctrico<\/p>\n<p>&nbsp;<\/p>\n<p><b>&#8230;<\/p>","protected":false},"featured_media":7679,"comment_status":"closed","ping_status":"closed","template":"","meta":{"_themeisle_gutenberg_block_has_review":false},"product_cat":[318,316],"product_tag":[],"_links":{"self":[{"href":"https:\/\/coppercrafts.eu\/en\/wp-json\/wp\/v2\/product\/7686"}],"collection":[{"href":"https:\/\/coppercrafts.eu\/en\/wp-json\/wp\/v2\/product"}],"about":[{"href":"https:\/\/coppercrafts.eu\/en\/wp-json\/wp\/v2\/types\/product"}],"replies":[{"embeddable":true,"href":"https:\/\/coppercrafts.eu\/en\/wp-json\/wp\/v2\/comments?post=7686"}],"wp:featuredmedia":[{"embeddable":true,"href":"https:\/\/coppercrafts.eu\/en\/wp-json\/wp\/v2\/media\/7679"}],"wp:attachment":[{"href":"https:\/\/coppercrafts.eu\/en\/wp-json\/wp\/v2\/media?parent=7686"}],"wp:term":[{"taxonomy":"product_cat","embeddable":true,"href":"https:\/\/coppercrafts.eu\/en\/wp-json\/wp\/v2\/product_cat?post=7686"},{"taxonomy":"product_tag","embeddable":true,"href":"https:\/\/coppercrafts.eu\/en\/wp-json\/wp\/v2\/product_tag?post=7686"}],"curies":[{"name":"wp","href":"https:\/\/api.w.org\/{rel}","templated":true}]}}