{"id":4586,"date":"2020-12-22T23:38:45","date_gmt":"2020-12-22T23:38:45","guid":{"rendered":"http:\/\/coppercrafts.eu\/product\/produto-493\/"},"modified":"2024-05-13T13:07:30","modified_gmt":"2024-05-13T13:07:30","slug":"produto-493","status":"publish","type":"product","link":"https:\/\/coppercrafts.eu\/en\/product\/produto-493\/","title":{"rendered":"Frigideira em Cobre c\/ 2 Asas \u00d8 18 cm"},"content":{"rendered":"<p>Frigideira em Cobre com 2 asas \u00d8 18 cent\u00edmetros.<\/p>","protected":false},"excerpt":{"rendered":"<p>In tinned copper pans, the most delicate foods such as fish, poultry and vegetables can be cooked with perfectly regulated heat.<\/p>\n<p>As nossas frigideiras s\u00e3o fabricadas usando cobre 99.9 % puro, com duas pr\u00e1ticas asas\u00a0 em metal ,s\u00e3o estanhadas no interior para que cozinhe em seguran\u00e7a, facilitando tamb\u00e9m a limpeza.<\/p>\n<p>This mixture of copper and tin, enhances the pleasure of cooking, copper with its incomparable power of conductivity and control and tin which, in addition to making cleaning easier, preserves the flavor and nutritional qualities of food, ideal for your needs. daily in the kitchen.<\/p>\n<p dir=\"ltr\" data-placeholder=\"Tradu\u00e7\u00e3o\"><b>&#8230;<\/p>","protected":false},"featured_media":7802,"comment_status":"open","ping_status":"closed","template":"","meta":{"_themeisle_gutenberg_block_has_review":false},"product_cat":[233],"product_tag":[],"_links":{"self":[{"href":"https:\/\/coppercrafts.eu\/en\/wp-json\/wp\/v2\/product\/4586"}],"collection":[{"href":"https:\/\/coppercrafts.eu\/en\/wp-json\/wp\/v2\/product"}],"about":[{"href":"https:\/\/coppercrafts.eu\/en\/wp-json\/wp\/v2\/types\/product"}],"replies":[{"embeddable":true,"href":"https:\/\/coppercrafts.eu\/en\/wp-json\/wp\/v2\/comments?post=4586"}],"wp:featuredmedia":[{"embeddable":true,"href":"https:\/\/coppercrafts.eu\/en\/wp-json\/wp\/v2\/media\/7802"}],"wp:attachment":[{"href":"https:\/\/coppercrafts.eu\/en\/wp-json\/wp\/v2\/media?parent=4586"}],"wp:term":[{"taxonomy":"product_cat","embeddable":true,"href":"https:\/\/coppercrafts.eu\/en\/wp-json\/wp\/v2\/product_cat?post=4586"},{"taxonomy":"product_tag","embeddable":true,"href":"https:\/\/coppercrafts.eu\/en\/wp-json\/wp\/v2\/product_tag?post=4586"}],"curies":[{"name":"wp","href":"https:\/\/api.w.org\/{rel}","templated":true}]}}