{"id":4572,"date":"2020-12-22T23:38:41","date_gmt":"2020-12-22T23:38:41","guid":{"rendered":"http:\/\/coppercrafts.eu\/product\/produto-479\/"},"modified":"2023-11-06T13:25:06","modified_gmt":"2023-11-06T13:25:06","slug":"produto-479","status":"publish","type":"product","link":"https:\/\/coppercrafts.eu\/en\/product\/produto-479\/","title":{"rendered":"Frigideira em Cobre c\/ Cabo e Tampa \u00d8 22 cm"},"content":{"rendered":"<p>Frigideira em Cobre com cabo e tampa \u00d8 22 cent\u00edmetros.<\/p>","protected":false},"excerpt":{"rendered":"<p>In tinned copper pans, the most delicate foods such as fish, poultry and vegetables can be cooked with perfectly regulated heat.<\/p>\n<p>Our frying pans are made using 99.9% pure copper, with a handy  metal handle  and are tinned on the inside for safe cooking, making cleaning easy too.<\/p>\n<p>Este modelo possui uma \u00fatil tampa, que evita que salpique enquanto cozinha<\/p>\n<p>This mixture of copper and tin, enhances the pleasure of cooking, copper with its incomparable power of conductivity and control and tin which, in addition to making cleaning easier, preserves the flavor and nutritional qualities of food, ideal for your needs. daily in the kitchen.<\/p>\n<p><b>&#8230;<\/p>","protected":false},"featured_media":5516,"comment_status":"open","ping_status":"closed","template":"","meta":{"_themeisle_gutenberg_block_has_review":false},"product_cat":[230],"product_tag":[],"_links":{"self":[{"href":"https:\/\/coppercrafts.eu\/en\/wp-json\/wp\/v2\/product\/4572"}],"collection":[{"href":"https:\/\/coppercrafts.eu\/en\/wp-json\/wp\/v2\/product"}],"about":[{"href":"https:\/\/coppercrafts.eu\/en\/wp-json\/wp\/v2\/types\/product"}],"replies":[{"embeddable":true,"href":"https:\/\/coppercrafts.eu\/en\/wp-json\/wp\/v2\/comments?post=4572"}],"wp:featuredmedia":[{"embeddable":true,"href":"https:\/\/coppercrafts.eu\/en\/wp-json\/wp\/v2\/media\/5516"}],"wp:attachment":[{"href":"https:\/\/coppercrafts.eu\/en\/wp-json\/wp\/v2\/media?parent=4572"}],"wp:term":[{"taxonomy":"product_cat","embeddable":true,"href":"https:\/\/coppercrafts.eu\/en\/wp-json\/wp\/v2\/product_cat?post=4572"},{"taxonomy":"product_tag","embeddable":true,"href":"https:\/\/coppercrafts.eu\/en\/wp-json\/wp\/v2\/product_tag?post=4572"}],"curies":[{"name":"wp","href":"https:\/\/api.w.org\/{rel}","templated":true}]}}