{"id":4477,"date":"2020-12-22T23:38:23","date_gmt":"2020-12-22T23:38:23","guid":{"rendered":"http:\/\/coppercrafts.eu\/product\/produto-384\/"},"modified":"2021-06-19T15:31:25","modified_gmt":"2021-06-19T15:31:25","slug":"produto-384","status":"publish","type":"product","link":"https:\/\/coppercrafts.eu\/en\/product\/produto-384\/","title":{"rendered":"Copper Boiler KIT 10L"},"content":{"rendered":"<p>Copper Boiler KIT 10 liter<\/p>\n<p>&nbsp;<\/p>","protected":false},"excerpt":{"rendered":"<p><span data-sheets-value=\"{&quot;1&quot;:2,&quot;2&quot;:&quot;Panela em cobre, fabricada \u00e0 m\u00e3o,ideal para cozinhar sobre fogo direto ou utilizando um fog\u00e3o a g\u00e1z. Artigo excelente para preparar ponche ou \\&quot;Feuerzangenbowle \\&quot; utilizando o suporte para o a\u00e7ucar, Possui o interior estanhado o que permite armazenar alimentos e comida por um maior periodo de tempo.&quot;}\" data-sheets-userformat=\"{&quot;2&quot;:31231,&quot;3&quot;:{&quot;1&quot;:0,&quot;3&quot;:1},&quot;4&quot;:{&quot;1&quot;:3,&quot;3&quot;:2},&quot;5&quot;:{&quot;1&quot;:[{&quot;1&quot;:2,&quot;2&quot;:0,&quot;5&quot;:{&quot;1&quot;:0}},{&quot;1&quot;:0,&quot;2&quot;:0,&quot;3&quot;:3},{&quot;1&quot;:1,&quot;2&quot;:0,&quot;4&quot;:1}]},&quot;6&quot;:{&quot;1&quot;:[{&quot;1&quot;:2,&quot;2&quot;:0,&quot;5&quot;:{&quot;1&quot;:0}},{&quot;1&quot;:0,&quot;2&quot;:0,&quot;3&quot;:3},{&quot;1&quot;:1,&quot;2&quot;:0,&quot;4&quot;:1}]},&quot;7&quot;:{&quot;1&quot;:[{&quot;1&quot;:2,&quot;2&quot;:0,&quot;5&quot;:{&quot;1&quot;:0}},{&quot;1&quot;:0,&quot;2&quot;:0,&quot;3&quot;:3},{&quot;1&quot;:1,&quot;2&quot;:0,&quot;4&quot;:1}]},&quot;8&quot;:{&quot;1&quot;:[{&quot;1&quot;:2,&quot;2&quot;:0,&quot;5&quot;:{&quot;1&quot;:0}},{&quot;1&quot;:0,&quot;2&quot;:0,&quot;3&quot;:3},{&quot;1&quot;:1,&quot;2&quot;:0,&quot;4&quot;:1}]},&quot;9&quot;:0,&quot;10&quot;:0,&quot;11&quot;:4,&quot;14&quot;:{&quot;1&quot;:2,&quot;2&quot;:3355443},&quot;15&quot;:&quot;Rockwell&quot;,&quot;16&quot;:11,&quot;17&quot;:1}\">Handcrafted copper pan, ideal for cooking over a direct fire or using a gas stove. <\/span><\/p>\n<p><span data-sheets-value=\"{&quot;1&quot;:2,&quot;2&quot;:&quot;Panela em cobre, fabricada \u00e0 m\u00e3o,ideal para cozinhar sobre fogo direto ou utilizando um fog\u00e3o a g\u00e1z. Artigo excelente para preparar ponche ou \\&quot;Feuerzangenbowle \\&quot; utilizando o suporte para o a\u00e7ucar, Possui o interior estanhado o que permite armazenar alimentos e comida por um maior periodo de tempo.&quot;}\" data-sheets-userformat=\"{&quot;2&quot;:31231,&quot;3&quot;:{&quot;1&quot;:0,&quot;3&quot;:1},&quot;4&quot;:{&quot;1&quot;:3,&quot;3&quot;:2},&quot;5&quot;:{&quot;1&quot;:[{&quot;1&quot;:2,&quot;2&quot;:0,&quot;5&quot;:{&quot;1&quot;:0}},{&quot;1&quot;:0,&quot;2&quot;:0,&quot;3&quot;:3},{&quot;1&quot;:1,&quot;2&quot;:0,&quot;4&quot;:1}]},&quot;6&quot;:{&quot;1&quot;:[{&quot;1&quot;:2,&quot;2&quot;:0,&quot;5&quot;:{&quot;1&quot;:0}},{&quot;1&quot;:0,&quot;2&quot;:0,&quot;3&quot;:3},{&quot;1&quot;:1,&quot;2&quot;:0,&quot;4&quot;:1}]},&quot;7&quot;:{&quot;1&quot;:[{&quot;1&quot;:2,&quot;2&quot;:0,&quot;5&quot;:{&quot;1&quot;:0}},{&quot;1&quot;:0,&quot;2&quot;:0,&quot;3&quot;:3},{&quot;1&quot;:1,&quot;2&quot;:0,&quot;4&quot;:1}]},&quot;8&quot;:{&quot;1&quot;:[{&quot;1&quot;:2,&quot;2&quot;:0,&quot;5&quot;:{&quot;1&quot;:0}},{&quot;1&quot;:0,&quot;2&quot;:0,&quot;3&quot;:3},{&quot;1&quot;:1,&quot;2&quot;:0,&quot;4&quot;:1}]},&quot;9&quot;:0,&quot;10&quot;:0,&quot;11&quot;:4,&quot;14&quot;:{&quot;1&quot;:2,&quot;2&quot;:3355443},&quot;15&quot;:&quot;Rockwell&quot;,&quot;16&quot;:11,&quot;17&quot;:1}\">Excellent item to prepare punch or \u201cFeuerzangenbowle\u201d using the sugar stand. <\/span><\/p>\n<p><span","protected":false},"featured_media":5992,"comment_status":"open","ping_status":"closed","template":"","meta":{"_themeisle_gutenberg_block_has_review":false},"product_cat":[263],"product_tag":[],"_links":{"self":[{"href":"https:\/\/coppercrafts.eu\/en\/wp-json\/wp\/v2\/product\/4477"}],"collection":[{"href":"https:\/\/coppercrafts.eu\/en\/wp-json\/wp\/v2\/product"}],"about":[{"href":"https:\/\/coppercrafts.eu\/en\/wp-json\/wp\/v2\/types\/product"}],"replies":[{"embeddable":true,"href":"https:\/\/coppercrafts.eu\/en\/wp-json\/wp\/v2\/comments?post=4477"}],"wp:featuredmedia":[{"embeddable":true,"href":"https:\/\/coppercrafts.eu\/en\/wp-json\/wp\/v2\/media\/5992"}],"wp:attachment":[{"href":"https:\/\/coppercrafts.eu\/en\/wp-json\/wp\/v2\/media?parent=4477"}],"wp:term":[{"taxonomy":"product_cat","embeddable":true,"href":"https:\/\/coppercrafts.eu\/en\/wp-json\/wp\/v2\/product_cat?post=4477"},{"taxonomy":"product_tag","embeddable":true,"href":"https:\/\/coppercrafts.eu\/en\/wp-json\/wp\/v2\/product_tag?post=4477"}],"curies":[{"name":"wp","href":"https:\/\/api.w.org\/{rel}","templated":true}]}}