{"id":4470,"date":"2020-12-22T23:38:22","date_gmt":"2020-12-22T23:38:22","guid":{"rendered":"http:\/\/coppercrafts.eu\/product\/produto-377\/"},"modified":"2021-06-19T15:31:21","modified_gmt":"2021-06-19T15:31:21","slug":"produto-377","status":"publish","type":"product","link":"https:\/\/coppercrafts.eu\/en\/product\/produto-377\/","title":{"rendered":"Copper Boiler - Verim Model 80L"},"content":{"rendered":"<p>Copper Boiler - Verim Model 80 liters<\/p>","protected":false},"excerpt":{"rendered":"<p><span data-sheets-value=\"{&quot;1&quot;:2,&quot;2&quot;:&quot;Caldeir\u00e3o em cobre,muito robusta, fabricada \u00e0 m\u00e3o, ideal para cozinhar sobre fogo direto ou utilizando um fog\u00e3o a g\u00e1z, possui um rebordo em ferro cravado com revites de cobre, e um pr\u00e1tico arco em ferro. Os tamanhos mais pequenos podem tamb\u00e9m ser aquecidos com um fog\u00e3o el\u00e9ctrico, N\u00e3o funciona em fog\u00f5es de indu\u00e7\u00e3o. mediante pedido o interior pode ser estanhado. &quot;}\" data-sheets-userformat=\"{&quot;2&quot;:31231,&quot;3&quot;:{&quot;1&quot;:0,&quot;3&quot;:1},&quot;4&quot;:{&quot;1&quot;:3,&quot;3&quot;:2},&quot;5&quot;:{&quot;1&quot;:[{&quot;1&quot;:2,&quot;2&quot;:0,&quot;5&quot;:{&quot;1&quot;:0}},{&quot;1&quot;:0,&quot;2&quot;:0,&quot;3&quot;:3},{&quot;1&quot;:1,&quot;2&quot;:0,&quot;4&quot;:1}]},&quot;6&quot;:{&quot;1&quot;:[{&quot;1&quot;:2,&quot;2&quot;:0,&quot;5&quot;:{&quot;1&quot;:0}},{&quot;1&quot;:0,&quot;2&quot;:0,&quot;3&quot;:3},{&quot;1&quot;:1,&quot;2&quot;:0,&quot;4&quot;:1}]},&quot;7&quot;:{&quot;1&quot;:[{&quot;1&quot;:2,&quot;2&quot;:0,&quot;5&quot;:{&quot;1&quot;:0}},{&quot;1&quot;:0,&quot;2&quot;:0,&quot;3&quot;:3},{&quot;1&quot;:1,&quot;2&quot;:0,&quot;4&quot;:1}]},&quot;8&quot;:{&quot;1&quot;:[{&quot;1&quot;:2,&quot;2&quot;:0,&quot;5&quot;:{&quot;1&quot;:0}},{&quot;1&quot;:0,&quot;2&quot;:0,&quot;3&quot;:3},{&quot;1&quot;:1,&quot;2&quot;:0,&quot;4&quot;:1}]},&quot;9&quot;:0,&quot;10&quot;:0,&quot;11&quot;:4,&quot;14&quot;:{&quot;1&quot;:2,&quot;2&quot;:3355443},&quot;15&quot;:&quot;Rockwell&quot;,&quot;16&quot;:11,&quot;17&quot;:1}\">Very robust, handcrafted copper cauldron, ideal for cooking over a direct fire or using a gas stove, has an iron rim nailed with copper \"revites\", and a practical iron bow.<\/span><\/p>\n<p><span data-sheets-value=\"{&quot;1&quot;:2,&quot;2&quot;:&quot;Caldeir\u00e3o em cobre,muito robusta, fabricada \u00e0 m\u00e3o, ideal para cozinhar sobre fogo direto ou utilizando um fog\u00e3o a g\u00e1z, possui um rebordo em ferro cravado com revites de cobre, e um pr\u00e1tico arco em ferro. Os tamanhos mais pequenos podem tamb\u00e9m ser aquecidos com um fog\u00e3o el\u00e9ctrico, N\u00e3o funciona em fog\u00f5es de indu\u00e7\u00e3o. mediante pedido o interior pode ser estanhado. &quot;}\" data-sheets-userformat=\"{&quot;2&quot;:31231,&quot;3&quot;:{&quot;1&quot;:0,&quot;3&quot;:1},&quot;4&quot;:{&quot;1&quot;:3,&quot;3&quot;:2},&quot;5&quot;:{&quot;1&quot;:[{&quot;1&quot;:2,&quot;2&quot;:0,&quot;5&quot;:{&quot;1&quot;:0}},{&quot;1&quot;:0,&quot;2&quot;:0,&quot;3&quot;:3},{&quot;1&quot;:1,&quot;2&quot;:0,&quot;4&quot;:1}]},&quot;6&quot;:{&quot;1&quot;:[{&quot;1&quot;:2,&quot;2&quot;:0,&quot;5&quot;:{&quot;1&quot;:0}},{&quot;1&quot;:0,&quot;2&quot;:0,&quot;3&quot;:3},{&quot;1&quot;:1,&quot;2&quot;:0,&quot;4&quot;:1}]},&quot;7&quot;:{&quot;1&quot;:[{&quot;1&quot;:2,&quot;2&quot;:0,&quot;5&quot;:{&quot;1&quot;:0}},{&quot;1&quot;:0,&quot;2&quot;:0,&quot;3&quot;:3},{&quot;1&quot;:1,&quot;2&quot;:0,&quot;4&quot;:1}]},&quot;8&quot;:{&quot;1&quot;:[{&quot;1&quot;:2,&quot;2&quot;:0,&quot;5&quot;:{&quot;1&quot;:0}},{&quot;1&quot;:0,&quot;2&quot;:0,&quot;3&quot;:3},{&quot;1&quot;:1,&quot;2&quot;:0,&quot;4&quot;:1}]},&quot;9&quot;:0,&quot;10&quot;:0,&quot;11&quot;:4,&quot;14&quot;:{&quot;1&quot;:2,&quot;2&quot;:3355443},&quot;15&quot;:&quot;Rockwell&quot;,&quot;16&quot;:11,&quot;17&quot;:1}\">The smaller sizes can also be heated with an electric cooker.<\/span><\/p>\n<p><span","protected":false},"featured_media":6350,"comment_status":"open","ping_status":"closed","template":"","meta":{"_themeisle_gutenberg_block_has_review":false},"product_cat":[262],"product_tag":[],"_links":{"self":[{"href":"https:\/\/coppercrafts.eu\/en\/wp-json\/wp\/v2\/product\/4470"}],"collection":[{"href":"https:\/\/coppercrafts.eu\/en\/wp-json\/wp\/v2\/product"}],"about":[{"href":"https:\/\/coppercrafts.eu\/en\/wp-json\/wp\/v2\/types\/product"}],"replies":[{"embeddable":true,"href":"https:\/\/coppercrafts.eu\/en\/wp-json\/wp\/v2\/comments?post=4470"}],"wp:featuredmedia":[{"embeddable":true,"href":"https:\/\/coppercrafts.eu\/en\/wp-json\/wp\/v2\/media\/6350"}],"wp:attachment":[{"href":"https:\/\/coppercrafts.eu\/en\/wp-json\/wp\/v2\/media?parent=4470"}],"wp:term":[{"taxonomy":"product_cat","embeddable":true,"href":"https:\/\/coppercrafts.eu\/en\/wp-json\/wp\/v2\/product_cat?post=4470"},{"taxonomy":"product_tag","embeddable":true,"href":"https:\/\/coppercrafts.eu\/en\/wp-json\/wp\/v2\/product_tag?post=4470"}],"curies":[{"name":"wp","href":"https:\/\/api.w.org\/{rel}","templated":true}]}}