{"id":4241,"date":"2020-12-22T23:37:43","date_gmt":"2020-12-22T23:37:43","guid":{"rendered":"http:\/\/coppercrafts.eu\/product\/produto-148\/"},"modified":"2023-11-06T13:01:57","modified_gmt":"2023-11-06T13:01:57","slug":"produto-148","status":"publish","type":"product","link":"https:\/\/coppercrafts.eu\/en\/product\/produto-148\/","title":{"rendered":"Copper Stills - Arabic Model 30L"},"content":{"rendered":"<p>Copper Stills - Arabic Model 30 liters<\/p>","protected":false},"excerpt":{"rendered":"<ul>\n<li><strong>Plate with 99.96% Copper composition;<\/strong><\/li>\n<li><strong>Phosphorus and Metal Welds;<\/strong><\/li>\n<li><strong>100% Lead free;<\/strong><\/li>\n<li><strong>Thickness of copper plate thicker;<\/strong><\/li>\n<li><strong>Handcrafted;<\/strong><\/li>\n<li><strong>Hammered by hand, which favors the purity and quality of the distillate;<\/strong><\/li>\n<li><strong>Cachimbo feito \u00e0 m\u00e3o, com di\u00e2metros diferentes nas extremidades;<\/strong><\/li>\n<\/ul>\n<p>The shape of this stills allows the beginning of the condensation of the distillate\u00a0still in the helmet, the ease of the distillate reaching the condenser allows the obtainment of strongly aromatized spirits, because the easier it is for the steam to reach the condenser, the more aroma will be transported.<\/p>\n<p>This alembic is equipped with boiler, helmet and coil condenser.<\/p>\n<p><b>&#8230;<\/p>","protected":false},"featured_media":6128,"comment_status":"open","ping_status":"closed","template":"","meta":{"_themeisle_gutenberg_block_has_review":false},"product_cat":[106],"product_tag":[],"_links":{"self":[{"href":"https:\/\/coppercrafts.eu\/en\/wp-json\/wp\/v2\/product\/4241"}],"collection":[{"href":"https:\/\/coppercrafts.eu\/en\/wp-json\/wp\/v2\/product"}],"about":[{"href":"https:\/\/coppercrafts.eu\/en\/wp-json\/wp\/v2\/types\/product"}],"replies":[{"embeddable":true,"href":"https:\/\/coppercrafts.eu\/en\/wp-json\/wp\/v2\/comments?post=4241"}],"wp:featuredmedia":[{"embeddable":true,"href":"https:\/\/coppercrafts.eu\/en\/wp-json\/wp\/v2\/media\/6128"}],"wp:attachment":[{"href":"https:\/\/coppercrafts.eu\/en\/wp-json\/wp\/v2\/media?parent=4241"}],"wp:term":[{"taxonomy":"product_cat","embeddable":true,"href":"https:\/\/coppercrafts.eu\/en\/wp-json\/wp\/v2\/product_cat?post=4241"},{"taxonomy":"product_tag","embeddable":true,"href":"https:\/\/coppercrafts.eu\/en\/wp-json\/wp\/v2\/product_tag?post=4241"}],"curies":[{"name":"wp","href":"https:\/\/api.w.org\/{rel}","templated":true}]}}