{"id":4221,"date":"2020-12-22T23:37:41","date_gmt":"2020-12-22T23:37:41","guid":{"rendered":"http:\/\/coppercrafts.eu\/product\/produto-128\/"},"modified":"2021-06-19T15:30:54","modified_gmt":"2021-06-19T15:30:54","slug":"produto-128","status":"publish","type":"product","link":"https:\/\/coppercrafts.eu\/en\/product\/produto-128\/","title":{"rendered":"Alambiques c\/ Sistema de Veda\u00e7\u00e3o a \u00c1gua 500L"},"content":{"rendered":"<p>Alambique 500 litros com Sistema de Veda\u00e7\u00e3o a \u00c1gua.<\/p>","protected":false},"excerpt":{"rendered":"<div id=\"product-description-short-301\" class=\"product-description-short mb-3\">\n<ul>\n<li><strong>Plate with 99.96% Copper composition;<\/strong><\/li>\n<li><strong>Phosphorus and Metal Welds;<\/strong><\/li>\n<li><strong>100% Lead free;<\/strong><\/li>\n<li><strong>Thickness of copper plate thicker;<\/strong><\/li>\n<li><strong>Handcrafted;<\/strong><\/li>\n<li><strong>Hammered by hand, which favors the purity and quality of the distillate;<\/strong><\/li>\n<li><strong>Cachimbo feito \u00e0 m\u00e3o, com di\u00e2metros diferentes nas extremidades;<\/strong><\/li>\n<\/ul>\n<p>This modern still, maintains the graceful lines of traditional stills, what makes it different is the sealing technique, it has along the top of the boiler, a channel in which water is placed, which makes the perfect seal between the boiler and the helmet, no further process will be needed to seal the vapors.<\/p>\n<p>With the use of a sieve and a refining lentil, with just one distillation you will obtain a very high quality distillate.<\/p>\n<p><b>&#8230;<\/p>","protected":false},"featured_media":5562,"comment_status":"open","ping_status":"closed","template":"","meta":{"_themeisle_gutenberg_block_has_review":false},"product_cat":[238],"product_tag":[],"_links":{"self":[{"href":"https:\/\/coppercrafts.eu\/en\/wp-json\/wp\/v2\/product\/4221"}],"collection":[{"href":"https:\/\/coppercrafts.eu\/en\/wp-json\/wp\/v2\/product"}],"about":[{"href":"https:\/\/coppercrafts.eu\/en\/wp-json\/wp\/v2\/types\/product"}],"replies":[{"embeddable":true,"href":"https:\/\/coppercrafts.eu\/en\/wp-json\/wp\/v2\/comments?post=4221"}],"wp:featuredmedia":[{"embeddable":true,"href":"https:\/\/coppercrafts.eu\/en\/wp-json\/wp\/v2\/media\/5562"}],"wp:attachment":[{"href":"https:\/\/coppercrafts.eu\/en\/wp-json\/wp\/v2\/media?parent=4221"}],"wp:term":[{"taxonomy":"product_cat","embeddable":true,"href":"https:\/\/coppercrafts.eu\/en\/wp-json\/wp\/v2\/product_cat?post=4221"},{"taxonomy":"product_tag","embeddable":true,"href":"https:\/\/coppercrafts.eu\/en\/wp-json\/wp\/v2\/product_tag?post=4221"}],"curies":[{"name":"wp","href":"https:\/\/api.w.org\/{rel}","templated":true}]}}