{"id":4210,"date":"2020-12-22T23:37:38","date_gmt":"2020-12-22T23:37:38","guid":{"rendered":"http:\/\/coppercrafts.eu\/product\/produto-117\/"},"modified":"2021-06-19T15:30:52","modified_gmt":"2021-06-19T15:30:52","slug":"produto-117","status":"publish","type":"product","link":"https:\/\/coppercrafts.eu\/en\/product\/produto-117\/","title":{"rendered":"Copper Stills w\/ Traditional Helmet and Water Sealing System 450L"},"content":{"rendered":"<p>Copper Stills - With Traditional Helmet and Water Sealing System 450 liters<\/p>","protected":false},"excerpt":{"rendered":"<ul>\n<li><strong>Plate with 99.96% Copper composition;<\/strong><\/li>\n<li><strong>Phosphorus and Metal Welds;<\/strong><\/li>\n<li><strong>100% Lead free;<\/strong><\/li>\n<li><strong>Thickness of copper plate thicker;<\/strong><\/li>\n<li><strong>Handcrafted;<\/strong><\/li>\n<li><strong>Hammered by hand, which favors the purity and quality of the distillate;<\/strong><\/li>\n<li><strong>Handmade pipe, with different diameters at the ends.<\/strong><\/li>\n<\/ul>\n<p>This modern still, maintains the graceful lines of traditional stills, what makes it different is the sealing technique, it has along the top of the boiler, a channel in which water is placed, which makes the perfect seal between the boiler and the helmet, no further process will be needed to seal the vapors.<\/p>\n<p>With the use of a sieve and a refining lentil, with just one distillation you will obtain a very high quality distillate.<\/p>\n<ul>\n<li><strong>Plate with 99.96% Copper composition;<\/strong><\/li>\n<li><strong>Phosphorus and Metal Welds;<\/strong><\/li>\n<li><strong>100% Lead free;<\/strong><\/li>\n<li><strong>Thickness of copper plate thicker;<\/strong><\/li>\n<li><strong>Handcrafted;<\/strong><\/li>\n<li><strong>Hammered by hand, which favors the purity and quality of the distillate;<\/strong><\/li>\n<li><strong>Cachimbo feito \u00e0 m\u00e3o, com di\u00e2metros diferentes nas extremidades;<\/strong><\/li>\n<\/ul>\n<p>This modern still, maintains the graceful lines of traditional stills, what makes it different is the sealing technique, it has along the top of the boiler, a channel in which water is placed, which makes the perfect seal between the boiler and the helmet, no further process will be needed to seal the vapors.<\/p>\n<p>With the use of a sieve and a refining lentil, with just one distillation you will obtain a very high quality distillate.<\/p>\n<p><b>&#8230;<\/p>","protected":false},"featured_media":6094,"comment_status":"open","ping_status":"closed","template":"","meta":{"_themeisle_gutenberg_block_has_review":false},"product_cat":[237],"product_tag":[],"_links":{"self":[{"href":"https:\/\/coppercrafts.eu\/en\/wp-json\/wp\/v2\/product\/4210"}],"collection":[{"href":"https:\/\/coppercrafts.eu\/en\/wp-json\/wp\/v2\/product"}],"about":[{"href":"https:\/\/coppercrafts.eu\/en\/wp-json\/wp\/v2\/types\/product"}],"replies":[{"embeddable":true,"href":"https:\/\/coppercrafts.eu\/en\/wp-json\/wp\/v2\/comments?post=4210"}],"wp:featuredmedia":[{"embeddable":true,"href":"https:\/\/coppercrafts.eu\/en\/wp-json\/wp\/v2\/media\/6094"}],"wp:attachment":[{"href":"https:\/\/coppercrafts.eu\/en\/wp-json\/wp\/v2\/media?parent=4210"}],"wp:term":[{"taxonomy":"product_cat","embeddable":true,"href":"https:\/\/coppercrafts.eu\/en\/wp-json\/wp\/v2\/product_cat?post=4210"},{"taxonomy":"product_tag","embeddable":true,"href":"https:\/\/coppercrafts.eu\/en\/wp-json\/wp\/v2\/product_tag?post=4210"}],"curies":[{"name":"wp","href":"https:\/\/api.w.org\/{rel}","templated":true}]}}