{"id":4194,"date":"2020-12-22T23:37:36","date_gmt":"2020-12-22T23:37:36","guid":{"rendered":"http:\/\/coppercrafts.eu\/product\/produto-101\/"},"modified":"2023-11-06T13:02:53","modified_gmt":"2023-11-06T13:02:53","slug":"produto-101","status":"publish","type":"product","link":"https:\/\/coppercrafts.eu\/en\/product\/produto-101\/","title":{"rendered":"Round Still w\/ Iron Protective Ladder 120L"},"content":{"rendered":"<p>Round alembic 120 liters with protective iron ladder<\/p>","protected":false},"excerpt":{"rendered":"<ul>\n<li><strong>Plate with 99.96% Copper composition;<\/strong><\/li>\n<li><strong>Phosphorus and Metal Welds;<\/strong><\/li>\n<li><strong>100% Lead free;<\/strong><\/li>\n<li><strong>Thickness of copper plate thicker;<\/strong><\/li>\n<li><strong>Handcrafted;<\/strong><\/li>\n<li><strong>Hammered by hand, which favors the purity and quality of the distillate;<\/strong><\/li>\n<li><strong>Cachimbo feito \u00e0 m\u00e3o, com di\u00e2metros diferentes nas extremidades;<\/strong><\/li>\n<\/ul>\n<p>The construction of this still is made through welded unions that guarantee a perfect sealing of vapors and liquids to distil.<br \/>\nThe condensing vessel is equipped  with a water inlet pipe located at its base and an outlet pipe at the top so that the water circulates in the opposite direction of the descending vapors.<br \/>\nThese models can be used to distill alcoholic beverages, essential oils and others.<\/p>\n<p>The boiler has an iron ladder, whose purpose is to protect it during the discharge process.<\/p>\n<p><b>&#8230;<\/p>","protected":false},"featured_media":4777,"comment_status":"open","ping_status":"closed","template":"","meta":{"_themeisle_gutenberg_block_has_review":false},"product_cat":[97],"product_tag":[],"_links":{"self":[{"href":"https:\/\/coppercrafts.eu\/en\/wp-json\/wp\/v2\/product\/4194"}],"collection":[{"href":"https:\/\/coppercrafts.eu\/en\/wp-json\/wp\/v2\/product"}],"about":[{"href":"https:\/\/coppercrafts.eu\/en\/wp-json\/wp\/v2\/types\/product"}],"replies":[{"embeddable":true,"href":"https:\/\/coppercrafts.eu\/en\/wp-json\/wp\/v2\/comments?post=4194"}],"wp:featuredmedia":[{"embeddable":true,"href":"https:\/\/coppercrafts.eu\/en\/wp-json\/wp\/v2\/media\/4777"}],"wp:attachment":[{"href":"https:\/\/coppercrafts.eu\/en\/wp-json\/wp\/v2\/media?parent=4194"}],"wp:term":[{"taxonomy":"product_cat","embeddable":true,"href":"https:\/\/coppercrafts.eu\/en\/wp-json\/wp\/v2\/product_cat?post=4194"},{"taxonomy":"product_tag","embeddable":true,"href":"https:\/\/coppercrafts.eu\/en\/wp-json\/wp\/v2\/product_tag?post=4194"}],"curies":[{"name":"wp","href":"https:\/\/api.w.org\/{rel}","templated":true}]}}