{"id":3,"date":"2020-07-30T15:29:23","date_gmt":"2020-07-30T15:29:23","guid":{"rendered":"http:\/\/coppercrafts.eu\/?page_id=3"},"modified":"2021-04-26T16:25:13","modified_gmt":"2021-04-26T16:25:13","slug":"privacy-policy","status":"publish","type":"page","link":"https:\/\/coppercrafts.eu\/en\/privacy-policy\/","title":{"rendered":"Privacy Policy"},"content":{"rendered":"<h2>PRIVACY POLICY<\/h2>\n\n\n\n<p>Your privacy is important to us. We respect your privacy and are committed to protecting it. To better protect your privacy, we provide this notice explaining our privacy practices and the options available to you for how your information is collected and used.<\/p>\n\n\n\n<h3>IDENTIFICATION OF THE RESPONSIBLE<\/h3>\n\n\n\n<p>The gift\u00a0<a rel=\"noreferrer noopener\" href=\"https:\/\/coppercrafts.eu\/en\/\" target=\"_blank\">Website<\/a>\u00a0is owned and managed by Coppercrafts, based at Monte Carvalhoso S\u00e3o Martinho de Sardoura 4550-840 CASTELO DE PAIVA.<\/p>\n\n\n\n<h3>COLLECTION AND PROCESSING OF PERSONAL DATA<\/h3>\n\n\n\n<p>The personal data collected and processed by Coppercrafts are those that you voluntarily place in the forms or chatbots of this Website. As this website is aimed at business contacts, by entering data in the collection means you are accepting that they will be treated in a business context.<\/p>\n\n\n\n<p>The completion of this data may be necessary to access or obtain certain content or services.<\/p>\n\n\n\n<p>The personal data collected are: name, address, telephone\/mobile phone and e-mail.<\/p>\n\n\n\n<p>Likewise, when you visit our Website, we will collect information known as \u201cclickstreams\u201d (IP address, domain name, etc.). This information, combined with the data you provide us, allows us to better personalize your visits.<\/p>\n\n\n\n<h3>PURPOSE OF THE PROCESSING OF PERSONAL DATA<\/h3>\n\n\n\n<p>We use personal information in the following ways:<\/p>\n\n\n\n<p>1. To provide you with information about product updates, new products, services, newsletters, informative emails and research on ideas for future products or improvements;<\/p>\n\n\n\n<p>2. To help us create content relevant to you;<\/p>\n\n\n\n<p>3. To provide you with special offers that may be of interest to you;<\/p>\n\n\n\n<p>4. To help us create better products and services that meet your needs;<\/p>\n\n\n\n<p>5. To allow you to download documents, gain access to services or participate in other activities of your choice.<\/p>\n\n\n\n<h3>MARKETING AND COMMUNICATION<\/h3>\n\n\n\n<p>By placing a cross and clicking on the \u201cI Accept\u201d button (or equivalent) on the forms or chatbots, you consent to receive electronic communications of useful information for digital businesses, by email or mobile phone, sent by Coppercrafts.<\/p>\n\n\n\n<h2>YOUR RIGHTS<\/h2>\n\n\n\n<p>To exercise the right of access, rectification, cancellation or opposition of your personal data, you can send a written communication to the following email address:&nbsp;<a href=\"mailto:geral@coppercrafts.eu\"><\/a><a href=\"mailto:geral@coppercrafts.eu\">geral@coppercrafts.eu<\/a> .<\/p>\n\n\n\n<p>If you want to stop receiving communications, you can exercise your right to object:<\/p>\n\n\n\n<p>a) By clicking on the hyperlink for that purpose (usually with the indication of \u201cunsubscribe\u201d) in any e-mail message you receive as a result of your registration on this Website;<\/p>\n\n\n\n<p>b) Enviando uma mensagem de correio eletr\u00f3nico para o endere\u00e7o&nbsp;<a href=\"mailto:geral@coppercrafts.eu\"><\/a><a href=\"mailto:geral@coppercrafts.eu\">geral@coppercrafts.eu<\/a> com o assunto \u201cCancelamento\u201d; ou por via postal, para a morada indicada no in\u00edcio desta Pol\u00edtica de Privacidade.<\/p>\n\n\n\n<h2>SEGURAN\u00c7A<\/h2>\n\n\n\n<p>A Coppercrafts utiliza as medidas de seguran\u00e7a adequadas \u00e0 prote\u00e7\u00e3o dos seus dados pessoais contra a destrui\u00e7\u00e3o, acidental ou il\u00edcita, a perda acidental, a altera\u00e7\u00e3o, a difus\u00e3o ou o acesso n\u00e3o autorizado, e contra qualquer outra forma de tratamento il\u00edcito. No entanto, como a Internet n\u00e3o \u00e9 totalmente segura, advertimos que os seus dados pessoais podem vir a circular na rede sem condi\u00e7\u00f5es de seguran\u00e7a, correndo o risco de serem vistos e utilizados por terceiros n\u00e3o autorizados.<\/p>\n\n\n\n<p>To ensure the security of your personal information, we have established a number of security measures and safeguards. Your personal information is stored on secure networks, which can only be accessed by a limited number of people who have special access rights and are committed to respecting and maintaining the confidential nature of such information.<\/p>\n\n\n\n<p>Notwithstanding these measures, when you provide personal information on the Internet there is always a risk that it may be intercepted and used by third parties beyond our control. While we make every effort to protect your personal information and your privacy, we cannot guarantee the security of the information you make available over the Internet.<\/p>\n\n\n\n<h2>COOKIES<\/h2>\n\n\n\n<p>The Coppercrafts Website may use technology widely known in the industry as \"cookies\". A cookie is a unique text file that a website sends to your browser software. Cookies allow a website to customize the information presented to it, based on your browsing preferences. We may use cookies to personalize your pages or to \u201cremember\u201d you when registering products or services. If you do not want us to install cookies on your browser (browser), you can set it to reject cookies. Rejecting cookies may affect your ability to use some of the services on our website.<\/p>\n\n\n\n<p>Coppercrafts also uses cookies to track visits to our Website. The information collected in this way helps us to optimize the content of the Website, its navigation and its performance.<\/p>\n\n\n\n<h3>OTHER CONSIDERATIONS<\/h3>\n\n\n\n<p>Coppercrafts is not responsible for any acts or omissions of third parties, namely regarding links to other Internet sites and their contents.<\/p>\n\n\n\n<p>In the event of a merger, spin-off, transformation, dissolution or insolvency of the commercial company Coppercrafts, your data may be transmitted to third parties, as a commercial asset, always respecting compliance with applicable law and maintaining your rights as data subject, namely as regards the consent given and the rights of opposition, access, rectification, removal or blocking.<\/p>\n\n\n\n<p>In the event of any legislative or commercial changes, Coppercrafts reserves the right to change this Policy, so you should consult it whenever you use this Website.<\/p>\n\n\n\n<p>For more information, please contact us by email at the address&nbsp;<a href=\"mailto: geral@coppercrafts.eu\">&nbsp;<\/a><a href=\"mailto:geral@coppercrafts.eu\">geral@coppercrafts.eu<\/a>.&nbsp;<\/p>","protected":false},"excerpt":{"rendered":"<p>POL\u00cdTICA DE PRIVACIDADE A sua privacidade \u00e9 importante para n\u00f3s. Respeitamos a sua privacidade e estamos empenhados em proteg\u00ea-la. Para melhor protegermos&#8230;<\/p>","protected":false},"author":26,"featured_media":0,"parent":0,"menu_order":0,"comment_status":"closed","ping_status":"open","template":"","meta":{"_themeisle_gutenberg_block_has_review":false},"_links":{"self":[{"href":"https:\/\/coppercrafts.eu\/en\/wp-json\/wp\/v2\/pages\/3"}],"collection":[{"href":"https:\/\/coppercrafts.eu\/en\/wp-json\/wp\/v2\/pages"}],"about":[{"href":"https:\/\/coppercrafts.eu\/en\/wp-json\/wp\/v2\/types\/page"}],"author":[{"embeddable":true,"href":"https:\/\/coppercrafts.eu\/en\/wp-json\/wp\/v2\/users\/26"}],"replies":[{"embeddable":true,"href":"https:\/\/coppercrafts.eu\/en\/wp-json\/wp\/v2\/comments?post=3"}],"version-history":[{"count":5,"href":"https:\/\/coppercrafts.eu\/en\/wp-json\/wp\/v2\/pages\/3\/revisions"}],"predecessor-version":[{"id":5910,"href":"https:\/\/coppercrafts.eu\/en\/wp-json\/wp\/v2\/pages\/3\/revisions\/5910"}],"wp:attachment":[{"href":"https:\/\/coppercrafts.eu\/en\/wp-json\/wp\/v2\/media?parent=3"}],"curies":[{"name":"wp","href":"https:\/\/api.w.org\/{rel}","templated":true}]}}